{"id":7987,"date":"2022-06-09T08:25:23","date_gmt":"2022-06-09T06:25:23","guid":{"rendered":"https:\/\/www.vaniperen.com\/fr\/?page_id=7987"},"modified":"2023-06-14T16:35:22","modified_gmt":"2023-06-14T14:35:22","slug":"video-streaming-conference-finale-projet-life-plants-for-plants","status":"publish","type":"page","link":"https:\/\/www.vaniperen.com\/fr\/video-streaming-conference-finale-projet-life-plants-for-plants\/","title":{"rendered":"Vid\u00e9o en streaming : Conf\u00e9rence finale du projet LIFE  Plants for Plants"},"content":{"rendered":"","protected":false},"excerpt":{"rendered":"","protected":false},"author":16,"featured_media":7998,"parent":0,"menu_order":0,"comment_status":"closed","ping_status":"closed","template":"","meta":{"_acf_changed":false,"_trash_the_other_posts":false,"_monsterinsights_skip_tracking":false,"_monsterinsights_sitenote_active":false,"_monsterinsights_sitenote_note":"","_monsterinsights_sitenote_category":0,"editor_notices":[]},"class_list":["post-7987","page","type-page","status-publish","has-post-thumbnail","hentry"],"acf":[],"yoast_head":"<!-- This site is optimized with the Yoast SEO Premium plugin v27.3 (Yoast SEO v27.3) - https:\/\/yoast.com\/product\/yoast-seo-premium-wordpress\/ -->\n<title>Vid\u00e9o en streaming : Conf\u00e9rence finale du projet LIFE Plants for Plants - Van Iperen France<\/title>\n<meta name=\"description\" content=\"Regardez la vid\u00e9o en streaming &#039;Conf\u00e9rence finale du projet LIFE Plants for Plants&#039; maintenant\u00a0!\" \/>\n<meta name=\"robots\" content=\"index, follow, max-snippet:-1, max-image-preview:large, max-video-preview:-1\" \/>\n<link rel=\"canonical\" href=\"https:\/\/www.vaniperen.com\/fr\/video-streaming-conference-finale-projet-life-plants-for-plants\/\" \/>\n<meta property=\"og:locale\" content=\"fr_FR\" \/>\n<meta property=\"og:type\" content=\"article\" \/>\n<meta property=\"og:title\" content=\"Vid\u00e9o en streaming : Conf\u00e9rence finale du projet LIFE Plants for Plants\" \/>\n<meta property=\"og:description\" content=\"Regardez la vid\u00e9o en streaming &#039;Conf\u00e9rence finale du projet LIFE Plants for Plants&#039; maintenant\u00a0!\" \/>\n<meta property=\"og:url\" content=\"https:\/\/www.vaniperen.com\/fr\/video-streaming-conference-finale-projet-life-plants-for-plants\/\" \/>\n<meta property=\"og:site_name\" content=\"Van Iperen France\" \/>\n<meta property=\"article:modified_time\" content=\"2023-06-14T14:35:22+00:00\" \/>\n<meta property=\"og:image\" content=\"https:\/\/www.vaniperen.com\/fr\/wp-content\/uploads\/sites\/2\/2022\/06\/VII-Header-page-green-switch-journey-final-conference-P4P-3000x1400px-v2.png\" \/>\n\t<meta property=\"og:image:width\" content=\"12500\" \/>\n\t<meta property=\"og:image:height\" content=\"5833\" \/>\n\t<meta property=\"og:image:type\" content=\"image\/png\" \/>\n<meta name=\"twitter:card\" content=\"summary_large_image\" \/>\n<script type=\"application\/ld+json\" class=\"yoast-schema-graph\">{\"@context\":\"https:\\\/\\\/schema.org\",\"@graph\":[{\"@type\":\"WebPage\",\"@id\":\"https:\\\/\\\/www.vaniperen.com\\\/fr\\\/video-streaming-conference-finale-projet-life-plants-for-plants\\\/\",\"url\":\"https:\\\/\\\/www.vaniperen.com\\\/fr\\\/video-streaming-conference-finale-projet-life-plants-for-plants\\\/\",\"name\":\"Vid\u00e9o en streaming : Conf\u00e9rence finale du projet LIFE Plants for Plants - Van Iperen France\",\"isPartOf\":{\"@id\":\"https:\\\/\\\/www.vaniperen.com\\\/fr\\\/#website\"},\"primaryImageOfPage\":{\"@id\":\"https:\\\/\\\/www.vaniperen.com\\\/fr\\\/video-streaming-conference-finale-projet-life-plants-for-plants\\\/#primaryimage\"},\"image\":{\"@id\":\"https:\\\/\\\/www.vaniperen.com\\\/fr\\\/video-streaming-conference-finale-projet-life-plants-for-plants\\\/#primaryimage\"},\"thumbnailUrl\":\"https:\\\/\\\/www.vaniperen.com\\\/fr\\\/wp-content\\\/uploads\\\/sites\\\/2\\\/2022\\\/06\\\/VII-Header-page-green-switch-journey-final-conference-P4P-3000x1400px-v2.png\",\"datePublished\":\"2022-06-09T06:25:23+00:00\",\"dateModified\":\"2023-06-14T14:35:22+00:00\",\"description\":\"Regardez la vid\u00e9o en streaming 'Conf\u00e9rence finale du projet LIFE Plants for Plants' maintenant\u00a0!\",\"breadcrumb\":{\"@id\":\"https:\\\/\\\/www.vaniperen.com\\\/fr\\\/video-streaming-conference-finale-projet-life-plants-for-plants\\\/#breadcrumb\"},\"inLanguage\":\"fr-FR\",\"potentialAction\":[{\"@type\":\"ReadAction\",\"target\":[\"https:\\\/\\\/www.vaniperen.com\\\/fr\\\/video-streaming-conference-finale-projet-life-plants-for-plants\\\/\"]}]},{\"@type\":\"ImageObject\",\"inLanguage\":\"fr-FR\",\"@id\":\"https:\\\/\\\/www.vaniperen.com\\\/fr\\\/video-streaming-conference-finale-projet-life-plants-for-plants\\\/#primaryimage\",\"url\":\"https:\\\/\\\/www.vaniperen.com\\\/fr\\\/wp-content\\\/uploads\\\/sites\\\/2\\\/2022\\\/06\\\/VII-Header-page-green-switch-journey-final-conference-P4P-3000x1400px-v2.png\",\"contentUrl\":\"https:\\\/\\\/www.vaniperen.com\\\/fr\\\/wp-content\\\/uploads\\\/sites\\\/2\\\/2022\\\/06\\\/VII-Header-page-green-switch-journey-final-conference-P4P-3000x1400px-v2.png\",\"width\":12500,\"height\":5833},{\"@type\":\"BreadcrumbList\",\"@id\":\"https:\\\/\\\/www.vaniperen.com\\\/fr\\\/video-streaming-conference-finale-projet-life-plants-for-plants\\\/#breadcrumb\",\"itemListElement\":[{\"@type\":\"ListItem\",\"position\":1,\"name\":\"Home\",\"item\":\"https:\\\/\\\/www.vaniperen.com\\\/fr\\\/\"},{\"@type\":\"ListItem\",\"position\":2,\"name\":\"Vid\u00e9o en streaming : Conf\u00e9rence finale du projet LIFE Plants for Plants\"}]},{\"@type\":\"WebSite\",\"@id\":\"https:\\\/\\\/www.vaniperen.com\\\/fr\\\/#website\",\"url\":\"https:\\\/\\\/www.vaniperen.com\\\/fr\\\/\",\"name\":\"Van Iperen France\",\"description\":\"Just another WordPress site\",\"potentialAction\":[{\"@type\":\"SearchAction\",\"target\":{\"@type\":\"EntryPoint\",\"urlTemplate\":\"https:\\\/\\\/www.vaniperen.com\\\/fr\\\/?s={search_term_string}\"},\"query-input\":{\"@type\":\"PropertyValueSpecification\",\"valueRequired\":true,\"valueName\":\"search_term_string\"}}],\"inLanguage\":\"fr-FR\"}]}<\/script>\n<!-- \/ Yoast SEO Premium plugin. -->","yoast_head_json":{"title":"Vid\u00e9o en streaming : Conf\u00e9rence finale du projet LIFE Plants for Plants - Van Iperen France","description":"Regardez la vid\u00e9o en streaming 'Conf\u00e9rence finale du projet LIFE Plants for Plants' maintenant\u00a0!","robots":{"index":"index","follow":"follow","max-snippet":"max-snippet:-1","max-image-preview":"max-image-preview:large","max-video-preview":"max-video-preview:-1"},"canonical":"https:\/\/www.vaniperen.com\/fr\/video-streaming-conference-finale-projet-life-plants-for-plants\/","og_locale":"fr_FR","og_type":"article","og_title":"Vid\u00e9o en streaming : Conf\u00e9rence finale du projet LIFE Plants for Plants","og_description":"Regardez la vid\u00e9o en streaming 'Conf\u00e9rence finale du projet LIFE Plants for Plants' maintenant\u00a0!","og_url":"https:\/\/www.vaniperen.com\/fr\/video-streaming-conference-finale-projet-life-plants-for-plants\/","og_site_name":"Van Iperen France","article_modified_time":"2023-06-14T14:35:22+00:00","og_image":[{"width":12500,"height":5833,"url":"https:\/\/www.vaniperen.com\/fr\/wp-content\/uploads\/sites\/2\/2022\/06\/VII-Header-page-green-switch-journey-final-conference-P4P-3000x1400px-v2.png","type":"image\/png"}],"twitter_card":"summary_large_image","schema":{"@context":"https:\/\/schema.org","@graph":[{"@type":"WebPage","@id":"https:\/\/www.vaniperen.com\/fr\/video-streaming-conference-finale-projet-life-plants-for-plants\/","url":"https:\/\/www.vaniperen.com\/fr\/video-streaming-conference-finale-projet-life-plants-for-plants\/","name":"Vid\u00e9o en streaming : Conf\u00e9rence finale du projet LIFE Plants for Plants - Van Iperen France","isPartOf":{"@id":"https:\/\/www.vaniperen.com\/fr\/#website"},"primaryImageOfPage":{"@id":"https:\/\/www.vaniperen.com\/fr\/video-streaming-conference-finale-projet-life-plants-for-plants\/#primaryimage"},"image":{"@id":"https:\/\/www.vaniperen.com\/fr\/video-streaming-conference-finale-projet-life-plants-for-plants\/#primaryimage"},"thumbnailUrl":"https:\/\/www.vaniperen.com\/fr\/wp-content\/uploads\/sites\/2\/2022\/06\/VII-Header-page-green-switch-journey-final-conference-P4P-3000x1400px-v2.png","datePublished":"2022-06-09T06:25:23+00:00","dateModified":"2023-06-14T14:35:22+00:00","description":"Regardez la vid\u00e9o en streaming 'Conf\u00e9rence finale du projet LIFE Plants for Plants' maintenant\u00a0!","breadcrumb":{"@id":"https:\/\/www.vaniperen.com\/fr\/video-streaming-conference-finale-projet-life-plants-for-plants\/#breadcrumb"},"inLanguage":"fr-FR","potentialAction":[{"@type":"ReadAction","target":["https:\/\/www.vaniperen.com\/fr\/video-streaming-conference-finale-projet-life-plants-for-plants\/"]}]},{"@type":"ImageObject","inLanguage":"fr-FR","@id":"https:\/\/www.vaniperen.com\/fr\/video-streaming-conference-finale-projet-life-plants-for-plants\/#primaryimage","url":"https:\/\/www.vaniperen.com\/fr\/wp-content\/uploads\/sites\/2\/2022\/06\/VII-Header-page-green-switch-journey-final-conference-P4P-3000x1400px-v2.png","contentUrl":"https:\/\/www.vaniperen.com\/fr\/wp-content\/uploads\/sites\/2\/2022\/06\/VII-Header-page-green-switch-journey-final-conference-P4P-3000x1400px-v2.png","width":12500,"height":5833},{"@type":"BreadcrumbList","@id":"https:\/\/www.vaniperen.com\/fr\/video-streaming-conference-finale-projet-life-plants-for-plants\/#breadcrumb","itemListElement":[{"@type":"ListItem","position":1,"name":"Home","item":"https:\/\/www.vaniperen.com\/fr\/"},{"@type":"ListItem","position":2,"name":"Vid\u00e9o en streaming : Conf\u00e9rence finale du projet LIFE Plants for Plants"}]},{"@type":"WebSite","@id":"https:\/\/www.vaniperen.com\/fr\/#website","url":"https:\/\/www.vaniperen.com\/fr\/","name":"Van Iperen France","description":"Just another WordPress site","potentialAction":[{"@type":"SearchAction","target":{"@type":"EntryPoint","urlTemplate":"https:\/\/www.vaniperen.com\/fr\/?s={search_term_string}"},"query-input":{"@type":"PropertyValueSpecification","valueRequired":true,"valueName":"search_term_string"}}],"inLanguage":"fr-FR"}]}},"_links":{"self":[{"href":"https:\/\/www.vaniperen.com\/fr\/wp-json\/wp\/v2\/pages\/7987","targetHints":{"allow":["GET"]}}],"collection":[{"href":"https:\/\/www.vaniperen.com\/fr\/wp-json\/wp\/v2\/pages"}],"about":[{"href":"https:\/\/www.vaniperen.com\/fr\/wp-json\/wp\/v2\/types\/page"}],"author":[{"embeddable":true,"href":"https:\/\/www.vaniperen.com\/fr\/wp-json\/wp\/v2\/users\/16"}],"replies":[{"embeddable":true,"href":"https:\/\/www.vaniperen.com\/fr\/wp-json\/wp\/v2\/comments?post=7987"}],"version-history":[{"count":3,"href":"https:\/\/www.vaniperen.com\/fr\/wp-json\/wp\/v2\/pages\/7987\/revisions"}],"predecessor-version":[{"id":7997,"href":"https:\/\/www.vaniperen.com\/fr\/wp-json\/wp\/v2\/pages\/7987\/revisions\/7997"}],"wp:featuredmedia":[{"embeddable":true,"href":"https:\/\/www.vaniperen.com\/fr\/wp-json\/wp\/v2\/media\/7998"}],"wp:attachment":[{"href":"https:\/\/www.vaniperen.com\/fr\/wp-json\/wp\/v2\/media?parent=7987"}],"curies":[{"name":"wp","href":"https:\/\/api.w.org\/{rel}","templated":true}]}}