{"id":7140,"date":"2021-09-22T14:56:03","date_gmt":"2021-09-22T12:56:03","guid":{"rendered":"https:\/\/www.vaniperen.com\/fr\/?page_id=7140"},"modified":"2024-05-21T09:35:47","modified_gmt":"2024-05-21T07:35:47","slug":"lusine-greenswitch-nitrate","status":"publish","type":"page","link":"https:\/\/www.vaniperen.com\/fr\/greenswitch-nitrate\/lusine-greenswitch-nitrate\/","title":{"rendered":"L&rsquo;usine GreenSwitch\u00ae Nitrate"},"content":{"rendered":"","protected":false},"excerpt":{"rendered":"","protected":false},"author":16,"featured_media":7155,"parent":5838,"menu_order":0,"comment_status":"closed","ping_status":"closed","template":"","meta":{"_acf_changed":false,"_trash_the_other_posts":false,"_monsterinsights_skip_tracking":false,"_monsterinsights_sitenote_active":false,"_monsterinsights_sitenote_note":"","_monsterinsights_sitenote_category":0,"editor_notices":[]},"class_list":["post-7140","page","type-page","status-publish","has-post-thumbnail","hentry"],"acf":[],"yoast_head":"<!-- This site is optimized with the Yoast SEO Premium plugin v27.1 (Yoast SEO v27.1.1) - https:\/\/yoast.com\/product\/yoast-seo-premium-wordpress\/ -->\n<title>L&#039;usine GreenSwitch\u00ae Nitrate - Van Iperen France<\/title>\n<meta name=\"description\" content=\"L&#039;usine GreenSwitch\u00ae Nitrate est la premi\u00e8re au monde \u00e0 produire des engrais nitriques \u00e0 partir de sources organiques.\" \/>\n<meta name=\"robots\" content=\"index, follow, max-snippet:-1, max-image-preview:large, max-video-preview:-1\" \/>\n<link rel=\"canonical\" href=\"https:\/\/www.vaniperen.com\/fr\/greenswitch-nitrate\/lusine-greenswitch-nitrate\/\" \/>\n<meta property=\"og:locale\" content=\"fr_FR\" \/>\n<meta property=\"og:type\" content=\"article\" \/>\n<meta property=\"og:title\" content=\"L&#039;usine GreenSwitch\u00ae Nitrate\" \/>\n<meta property=\"og:description\" content=\"L&#039;usine GreenSwitch\u00ae Nitrate est la premi\u00e8re au monde \u00e0 produire des engrais nitriques \u00e0 partir de sources organiques.\" \/>\n<meta property=\"og:url\" content=\"https:\/\/www.vaniperen.com\/fr\/greenswitch-nitrate\/lusine-greenswitch-nitrate\/\" \/>\n<meta property=\"og:site_name\" content=\"Van Iperen France\" \/>\n<meta property=\"article:modified_time\" content=\"2024-05-21T07:35:47+00:00\" \/>\n<meta property=\"og:image\" content=\"https:\/\/www.vaniperen.com\/fr\/wp-content\/uploads\/sites\/2\/2021\/09\/GreenSwitch-factory-Website-header-v4-1440x672.png\" \/>\n\t<meta property=\"og:image:width\" content=\"1440\" \/>\n\t<meta property=\"og:image:height\" content=\"672\" \/>\n\t<meta property=\"og:image:type\" content=\"image\/png\" \/>\n<meta name=\"twitter:card\" content=\"summary_large_image\" \/>\n<meta name=\"twitter:label1\" content=\"Dur\u00e9e de lecture estim\u00e9e\" \/>\n\t<meta name=\"twitter:data1\" content=\"1 minute\" \/>\n<script type=\"application\/ld+json\" class=\"yoast-schema-graph\">{\"@context\":\"https:\/\/schema.org\",\"@graph\":[{\"@type\":\"WebPage\",\"@id\":\"https:\/\/www.vaniperen.com\/fr\/greenswitch-nitrate\/lusine-greenswitch-nitrate\/\",\"url\":\"https:\/\/www.vaniperen.com\/fr\/greenswitch-nitrate\/lusine-greenswitch-nitrate\/\",\"name\":\"L'usine GreenSwitch\u00ae Nitrate - Van Iperen France\",\"isPartOf\":{\"@id\":\"https:\/\/www.vaniperen.com\/fr\/#website\"},\"primaryImageOfPage\":{\"@id\":\"https:\/\/www.vaniperen.com\/fr\/greenswitch-nitrate\/lusine-greenswitch-nitrate\/#primaryimage\"},\"image\":{\"@id\":\"https:\/\/www.vaniperen.com\/fr\/greenswitch-nitrate\/lusine-greenswitch-nitrate\/#primaryimage\"},\"thumbnailUrl\":\"https:\/\/www.vaniperen.com\/fr\/wp-content\/uploads\/sites\/2\/2021\/09\/GreenSwitch-factory-Website-header-v4.png\",\"datePublished\":\"2021-09-22T12:56:03+00:00\",\"dateModified\":\"2024-05-21T07:35:47+00:00\",\"description\":\"L'usine GreenSwitch\u00ae Nitrate est la premi\u00e8re au monde \u00e0 produire des engrais nitriques \u00e0 partir de sources organiques.\",\"breadcrumb\":{\"@id\":\"https:\/\/www.vaniperen.com\/fr\/greenswitch-nitrate\/lusine-greenswitch-nitrate\/#breadcrumb\"},\"inLanguage\":\"fr-FR\",\"potentialAction\":[{\"@type\":\"ReadAction\",\"target\":[\"https:\/\/www.vaniperen.com\/fr\/greenswitch-nitrate\/lusine-greenswitch-nitrate\/\"]}]},{\"@type\":\"ImageObject\",\"inLanguage\":\"fr-FR\",\"@id\":\"https:\/\/www.vaniperen.com\/fr\/greenswitch-nitrate\/lusine-greenswitch-nitrate\/#primaryimage\",\"url\":\"https:\/\/www.vaniperen.com\/fr\/wp-content\/uploads\/sites\/2\/2021\/09\/GreenSwitch-factory-Website-header-v4.png\",\"contentUrl\":\"https:\/\/www.vaniperen.com\/fr\/wp-content\/uploads\/sites\/2\/2021\/09\/GreenSwitch-factory-Website-header-v4.png\",\"width\":3000,\"height\":1400},{\"@type\":\"BreadcrumbList\",\"@id\":\"https:\/\/www.vaniperen.com\/fr\/greenswitch-nitrate\/lusine-greenswitch-nitrate\/#breadcrumb\",\"itemListElement\":[{\"@type\":\"ListItem\",\"position\":1,\"name\":\"Home\",\"item\":\"https:\/\/www.vaniperen.com\/fr\/\"},{\"@type\":\"ListItem\",\"position\":2,\"name\":\"GreenSwitch\u00ae Nitrate\",\"item\":\"https:\/\/www.vaniperen.com\/fr\/greenswitch-nitrate\/\"},{\"@type\":\"ListItem\",\"position\":3,\"name\":\"L&#8217;usine GreenSwitch\u00ae Nitrate\"}]},{\"@type\":\"WebSite\",\"@id\":\"https:\/\/www.vaniperen.com\/fr\/#website\",\"url\":\"https:\/\/www.vaniperen.com\/fr\/\",\"name\":\"Van Iperen France\",\"description\":\"Just another WordPress site\",\"potentialAction\":[{\"@type\":\"SearchAction\",\"target\":{\"@type\":\"EntryPoint\",\"urlTemplate\":\"https:\/\/www.vaniperen.com\/fr\/?s={search_term_string}\"},\"query-input\":{\"@type\":\"PropertyValueSpecification\",\"valueRequired\":true,\"valueName\":\"search_term_string\"}}],\"inLanguage\":\"fr-FR\"}]}<\/script>\n<!-- \/ Yoast SEO Premium plugin. -->","yoast_head_json":{"title":"L'usine GreenSwitch\u00ae Nitrate - Van Iperen France","description":"L'usine GreenSwitch\u00ae Nitrate est la premi\u00e8re au monde \u00e0 produire des engrais nitriques \u00e0 partir de sources organiques.","robots":{"index":"index","follow":"follow","max-snippet":"max-snippet:-1","max-image-preview":"max-image-preview:large","max-video-preview":"max-video-preview:-1"},"canonical":"https:\/\/www.vaniperen.com\/fr\/greenswitch-nitrate\/lusine-greenswitch-nitrate\/","og_locale":"fr_FR","og_type":"article","og_title":"L'usine GreenSwitch\u00ae Nitrate","og_description":"L'usine GreenSwitch\u00ae Nitrate est la premi\u00e8re au monde \u00e0 produire des engrais nitriques \u00e0 partir de sources organiques.","og_url":"https:\/\/www.vaniperen.com\/fr\/greenswitch-nitrate\/lusine-greenswitch-nitrate\/","og_site_name":"Van Iperen France","article_modified_time":"2024-05-21T07:35:47+00:00","og_image":[{"width":1440,"height":672,"url":"https:\/\/www.vaniperen.com\/fr\/wp-content\/uploads\/sites\/2\/2021\/09\/GreenSwitch-factory-Website-header-v4-1440x672.png","type":"image\/png"}],"twitter_card":"summary_large_image","twitter_misc":{"Dur\u00e9e de lecture estim\u00e9e":"1 minute"},"schema":{"@context":"https:\/\/schema.org","@graph":[{"@type":"WebPage","@id":"https:\/\/www.vaniperen.com\/fr\/greenswitch-nitrate\/lusine-greenswitch-nitrate\/","url":"https:\/\/www.vaniperen.com\/fr\/greenswitch-nitrate\/lusine-greenswitch-nitrate\/","name":"L'usine GreenSwitch\u00ae Nitrate - Van Iperen France","isPartOf":{"@id":"https:\/\/www.vaniperen.com\/fr\/#website"},"primaryImageOfPage":{"@id":"https:\/\/www.vaniperen.com\/fr\/greenswitch-nitrate\/lusine-greenswitch-nitrate\/#primaryimage"},"image":{"@id":"https:\/\/www.vaniperen.com\/fr\/greenswitch-nitrate\/lusine-greenswitch-nitrate\/#primaryimage"},"thumbnailUrl":"https:\/\/www.vaniperen.com\/fr\/wp-content\/uploads\/sites\/2\/2021\/09\/GreenSwitch-factory-Website-header-v4.png","datePublished":"2021-09-22T12:56:03+00:00","dateModified":"2024-05-21T07:35:47+00:00","description":"L'usine GreenSwitch\u00ae Nitrate est la premi\u00e8re au monde \u00e0 produire des engrais nitriques \u00e0 partir de sources organiques.","breadcrumb":{"@id":"https:\/\/www.vaniperen.com\/fr\/greenswitch-nitrate\/lusine-greenswitch-nitrate\/#breadcrumb"},"inLanguage":"fr-FR","potentialAction":[{"@type":"ReadAction","target":["https:\/\/www.vaniperen.com\/fr\/greenswitch-nitrate\/lusine-greenswitch-nitrate\/"]}]},{"@type":"ImageObject","inLanguage":"fr-FR","@id":"https:\/\/www.vaniperen.com\/fr\/greenswitch-nitrate\/lusine-greenswitch-nitrate\/#primaryimage","url":"https:\/\/www.vaniperen.com\/fr\/wp-content\/uploads\/sites\/2\/2021\/09\/GreenSwitch-factory-Website-header-v4.png","contentUrl":"https:\/\/www.vaniperen.com\/fr\/wp-content\/uploads\/sites\/2\/2021\/09\/GreenSwitch-factory-Website-header-v4.png","width":3000,"height":1400},{"@type":"BreadcrumbList","@id":"https:\/\/www.vaniperen.com\/fr\/greenswitch-nitrate\/lusine-greenswitch-nitrate\/#breadcrumb","itemListElement":[{"@type":"ListItem","position":1,"name":"Home","item":"https:\/\/www.vaniperen.com\/fr\/"},{"@type":"ListItem","position":2,"name":"GreenSwitch\u00ae Nitrate","item":"https:\/\/www.vaniperen.com\/fr\/greenswitch-nitrate\/"},{"@type":"ListItem","position":3,"name":"L&#8217;usine GreenSwitch\u00ae Nitrate"}]},{"@type":"WebSite","@id":"https:\/\/www.vaniperen.com\/fr\/#website","url":"https:\/\/www.vaniperen.com\/fr\/","name":"Van Iperen France","description":"Just another WordPress site","potentialAction":[{"@type":"SearchAction","target":{"@type":"EntryPoint","urlTemplate":"https:\/\/www.vaniperen.com\/fr\/?s={search_term_string}"},"query-input":{"@type":"PropertyValueSpecification","valueRequired":true,"valueName":"search_term_string"}}],"inLanguage":"fr-FR"}]}},"_links":{"self":[{"href":"https:\/\/www.vaniperen.com\/fr\/wp-json\/wp\/v2\/pages\/7140","targetHints":{"allow":["GET"]}}],"collection":[{"href":"https:\/\/www.vaniperen.com\/fr\/wp-json\/wp\/v2\/pages"}],"about":[{"href":"https:\/\/www.vaniperen.com\/fr\/wp-json\/wp\/v2\/types\/page"}],"author":[{"embeddable":true,"href":"https:\/\/www.vaniperen.com\/fr\/wp-json\/wp\/v2\/users\/16"}],"replies":[{"embeddable":true,"href":"https:\/\/www.vaniperen.com\/fr\/wp-json\/wp\/v2\/comments?post=7140"}],"version-history":[{"count":5,"href":"https:\/\/www.vaniperen.com\/fr\/wp-json\/wp\/v2\/pages\/7140\/revisions"}],"predecessor-version":[{"id":11078,"href":"https:\/\/www.vaniperen.com\/fr\/wp-json\/wp\/v2\/pages\/7140\/revisions\/11078"}],"up":[{"embeddable":true,"href":"https:\/\/www.vaniperen.com\/fr\/wp-json\/wp\/v2\/pages\/5838"}],"wp:featuredmedia":[{"embeddable":true,"href":"https:\/\/www.vaniperen.com\/fr\/wp-json\/wp\/v2\/media\/7155"}],"wp:attachment":[{"href":"https:\/\/www.vaniperen.com\/fr\/wp-json\/wp\/v2\/media?parent=7140"}],"curies":[{"name":"wp","href":"https:\/\/api.w.org\/{rel}","templated":true}]}}