{"id":6379,"date":"2021-02-03T11:19:27","date_gmt":"2021-02-03T10:19:27","guid":{"rendered":"https:\/\/www.vaniperen.com\/fr\/?page_id=6379"},"modified":"2021-02-03T11:31:46","modified_gmt":"2021-02-03T10:31:46","slug":"queisna-en-egypte","status":"publish","type":"page","link":"https:\/\/www.vaniperen.com\/fr\/rencontrez-nos-partenaires\/queisna-en-egypte\/","title":{"rendered":"Partenariat en Egypte"},"content":{"rendered":"","protected":false},"excerpt":{"rendered":"","protected":false},"author":16,"featured_media":0,"parent":377,"menu_order":0,"comment_status":"closed","ping_status":"closed","template":"","meta":{"_acf_changed":false,"_trash_the_other_posts":false,"_monsterinsights_skip_tracking":false,"_monsterinsights_sitenote_active":false,"_monsterinsights_sitenote_note":"","_monsterinsights_sitenote_category":0,"editor_notices":[]},"class_list":["post-6379","page","type-page","status-publish","hentry"],"acf":[],"yoast_head":"<!-- This site is optimized with the Yoast SEO Premium plugin v27.3 (Yoast SEO v27.3) - https:\/\/yoast.com\/product\/yoast-seo-premium-wordpress\/ -->\n<title>Partenariat en Egypte - Van Iperen France<\/title>\n<meta name=\"description\" content=\"M. Abdelhakim Atwa, notre partenaire Queisna pour le d\u00e9veloppement agricole en \u00c9gypte, partage son exp\u00e9rience sur la Technologie IPE\u00ae.\" \/>\n<meta name=\"robots\" content=\"index, follow, max-snippet:-1, max-image-preview:large, max-video-preview:-1\" \/>\n<link rel=\"canonical\" href=\"https:\/\/www.vaniperen.com\/fr\/rencontrez-nos-partenaires\/queisna-en-egypte\/\" \/>\n<meta property=\"og:locale\" content=\"fr_FR\" \/>\n<meta property=\"og:type\" content=\"article\" \/>\n<meta property=\"og:title\" content=\"Partenariat en Egypte\" \/>\n<meta property=\"og:description\" content=\"M. Abdelhakim Atwa, notre partenaire Queisna pour le d\u00e9veloppement agricole en \u00c9gypte, partage son exp\u00e9rience sur la Technologie IPE\u00ae.\" \/>\n<meta property=\"og:url\" content=\"https:\/\/www.vaniperen.com\/fr\/rencontrez-nos-partenaires\/queisna-en-egypte\/\" \/>\n<meta property=\"og:site_name\" content=\"Van Iperen France\" \/>\n<meta property=\"article:modified_time\" content=\"2021-02-03T10:31:46+00:00\" \/>\n<meta name=\"twitter:card\" content=\"summary_large_image\" \/>\n<script type=\"application\/ld+json\" class=\"yoast-schema-graph\">{\"@context\":\"https:\\\/\\\/schema.org\",\"@graph\":[{\"@type\":\"WebPage\",\"@id\":\"https:\\\/\\\/www.vaniperen.com\\\/fr\\\/rencontrez-nos-partenaires\\\/queisna-en-egypte\\\/\",\"url\":\"https:\\\/\\\/www.vaniperen.com\\\/fr\\\/rencontrez-nos-partenaires\\\/queisna-en-egypte\\\/\",\"name\":\"Partenariat en Egypte - Van Iperen France\",\"isPartOf\":{\"@id\":\"https:\\\/\\\/www.vaniperen.com\\\/fr\\\/#website\"},\"datePublished\":\"2021-02-03T10:19:27+00:00\",\"dateModified\":\"2021-02-03T10:31:46+00:00\",\"description\":\"M. Abdelhakim Atwa, notre partenaire Queisna pour le d\u00e9veloppement agricole en \u00c9gypte, partage son exp\u00e9rience sur la Technologie IPE\u00ae.\",\"breadcrumb\":{\"@id\":\"https:\\\/\\\/www.vaniperen.com\\\/fr\\\/rencontrez-nos-partenaires\\\/queisna-en-egypte\\\/#breadcrumb\"},\"inLanguage\":\"fr-FR\",\"potentialAction\":[{\"@type\":\"ReadAction\",\"target\":[\"https:\\\/\\\/www.vaniperen.com\\\/fr\\\/rencontrez-nos-partenaires\\\/queisna-en-egypte\\\/\"]}]},{\"@type\":\"BreadcrumbList\",\"@id\":\"https:\\\/\\\/www.vaniperen.com\\\/fr\\\/rencontrez-nos-partenaires\\\/queisna-en-egypte\\\/#breadcrumb\",\"itemListElement\":[{\"@type\":\"ListItem\",\"position\":1,\"name\":\"Home\",\"item\":\"https:\\\/\\\/www.vaniperen.com\\\/fr\\\/\"},{\"@type\":\"ListItem\",\"position\":2,\"name\":\"Rencontrez nos partenaires\",\"item\":\"https:\\\/\\\/www.vaniperen.com\\\/fr\\\/rencontrez-nos-partenaires\\\/\"},{\"@type\":\"ListItem\",\"position\":3,\"name\":\"Partenariat en Egypte\"}]},{\"@type\":\"WebSite\",\"@id\":\"https:\\\/\\\/www.vaniperen.com\\\/fr\\\/#website\",\"url\":\"https:\\\/\\\/www.vaniperen.com\\\/fr\\\/\",\"name\":\"Van Iperen France\",\"description\":\"Just another WordPress site\",\"potentialAction\":[{\"@type\":\"SearchAction\",\"target\":{\"@type\":\"EntryPoint\",\"urlTemplate\":\"https:\\\/\\\/www.vaniperen.com\\\/fr\\\/?s={search_term_string}\"},\"query-input\":{\"@type\":\"PropertyValueSpecification\",\"valueRequired\":true,\"valueName\":\"search_term_string\"}}],\"inLanguage\":\"fr-FR\"}]}<\/script>\n<!-- \/ Yoast SEO Premium plugin. -->","yoast_head_json":{"title":"Partenariat en Egypte - Van Iperen France","description":"M. Abdelhakim Atwa, notre partenaire Queisna pour le d\u00e9veloppement agricole en \u00c9gypte, partage son exp\u00e9rience sur la Technologie IPE\u00ae.","robots":{"index":"index","follow":"follow","max-snippet":"max-snippet:-1","max-image-preview":"max-image-preview:large","max-video-preview":"max-video-preview:-1"},"canonical":"https:\/\/www.vaniperen.com\/fr\/rencontrez-nos-partenaires\/queisna-en-egypte\/","og_locale":"fr_FR","og_type":"article","og_title":"Partenariat en Egypte","og_description":"M. Abdelhakim Atwa, notre partenaire Queisna pour le d\u00e9veloppement agricole en \u00c9gypte, partage son exp\u00e9rience sur la Technologie IPE\u00ae.","og_url":"https:\/\/www.vaniperen.com\/fr\/rencontrez-nos-partenaires\/queisna-en-egypte\/","og_site_name":"Van Iperen France","article_modified_time":"2021-02-03T10:31:46+00:00","twitter_card":"summary_large_image","schema":{"@context":"https:\/\/schema.org","@graph":[{"@type":"WebPage","@id":"https:\/\/www.vaniperen.com\/fr\/rencontrez-nos-partenaires\/queisna-en-egypte\/","url":"https:\/\/www.vaniperen.com\/fr\/rencontrez-nos-partenaires\/queisna-en-egypte\/","name":"Partenariat en Egypte - Van Iperen France","isPartOf":{"@id":"https:\/\/www.vaniperen.com\/fr\/#website"},"datePublished":"2021-02-03T10:19:27+00:00","dateModified":"2021-02-03T10:31:46+00:00","description":"M. Abdelhakim Atwa, notre partenaire Queisna pour le d\u00e9veloppement agricole en \u00c9gypte, partage son exp\u00e9rience sur la Technologie IPE\u00ae.","breadcrumb":{"@id":"https:\/\/www.vaniperen.com\/fr\/rencontrez-nos-partenaires\/queisna-en-egypte\/#breadcrumb"},"inLanguage":"fr-FR","potentialAction":[{"@type":"ReadAction","target":["https:\/\/www.vaniperen.com\/fr\/rencontrez-nos-partenaires\/queisna-en-egypte\/"]}]},{"@type":"BreadcrumbList","@id":"https:\/\/www.vaniperen.com\/fr\/rencontrez-nos-partenaires\/queisna-en-egypte\/#breadcrumb","itemListElement":[{"@type":"ListItem","position":1,"name":"Home","item":"https:\/\/www.vaniperen.com\/fr\/"},{"@type":"ListItem","position":2,"name":"Rencontrez nos partenaires","item":"https:\/\/www.vaniperen.com\/fr\/rencontrez-nos-partenaires\/"},{"@type":"ListItem","position":3,"name":"Partenariat en Egypte"}]},{"@type":"WebSite","@id":"https:\/\/www.vaniperen.com\/fr\/#website","url":"https:\/\/www.vaniperen.com\/fr\/","name":"Van Iperen France","description":"Just another WordPress site","potentialAction":[{"@type":"SearchAction","target":{"@type":"EntryPoint","urlTemplate":"https:\/\/www.vaniperen.com\/fr\/?s={search_term_string}"},"query-input":{"@type":"PropertyValueSpecification","valueRequired":true,"valueName":"search_term_string"}}],"inLanguage":"fr-FR"}]}},"_links":{"self":[{"href":"https:\/\/www.vaniperen.com\/fr\/wp-json\/wp\/v2\/pages\/6379","targetHints":{"allow":["GET"]}}],"collection":[{"href":"https:\/\/www.vaniperen.com\/fr\/wp-json\/wp\/v2\/pages"}],"about":[{"href":"https:\/\/www.vaniperen.com\/fr\/wp-json\/wp\/v2\/types\/page"}],"author":[{"embeddable":true,"href":"https:\/\/www.vaniperen.com\/fr\/wp-json\/wp\/v2\/users\/16"}],"replies":[{"embeddable":true,"href":"https:\/\/www.vaniperen.com\/fr\/wp-json\/wp\/v2\/comments?post=6379"}],"version-history":[{"count":5,"href":"https:\/\/www.vaniperen.com\/fr\/wp-json\/wp\/v2\/pages\/6379\/revisions"}],"predecessor-version":[{"id":6388,"href":"https:\/\/www.vaniperen.com\/fr\/wp-json\/wp\/v2\/pages\/6379\/revisions\/6388"}],"up":[{"embeddable":true,"href":"https:\/\/www.vaniperen.com\/fr\/wp-json\/wp\/v2\/pages\/377"}],"wp:attachment":[{"href":"https:\/\/www.vaniperen.com\/fr\/wp-json\/wp\/v2\/media?parent=6379"}],"curies":[{"name":"wp","href":"https:\/\/api.w.org\/{rel}","templated":true}]}}