{"id":6252,"date":"2020-12-28T15:36:51","date_gmt":"2020-12-28T14:36:51","guid":{"rendered":"https:\/\/www.vaniperen.com\/fr\/?page_id=6252"},"modified":"2024-10-07T15:06:17","modified_gmt":"2024-10-07T13:06:17","slug":"resultats-des-essais-plants-for-plants","status":"publish","type":"page","link":"https:\/\/www.vaniperen.com\/fr\/projet-plants-for-plants\/resultats-des-essais-plants-for-plants\/","title":{"rendered":"R\u00e9sultats des Essais Plants for Plants\u00ae"},"content":{"rendered":"","protected":false},"excerpt":{"rendered":"","protected":false},"author":16,"featured_media":7624,"parent":5115,"menu_order":0,"comment_status":"closed","ping_status":"closed","template":"","meta":{"_acf_changed":false,"_trash_the_other_posts":false,"_monsterinsights_skip_tracking":false,"_monsterinsights_sitenote_active":false,"_monsterinsights_sitenote_note":"","_monsterinsights_sitenote_category":0,"editor_notices":[]},"class_list":["post-6252","page","type-page","status-publish","has-post-thumbnail","hentry"],"acf":[],"yoast_head":"<!-- This site is optimized with the Yoast SEO Premium plugin v27.3 (Yoast SEO v27.3) - https:\/\/yoast.com\/product\/yoast-seo-premium-wordpress\/ -->\n<title>R\u00e9sultats des Essais Plants for Plants\u00ae - Van Iperen France<\/title>\n<meta name=\"description\" content=\"Apr\u00e8s plusieurs essais sur le terrain, Van Iperen International publie les r\u00e9sultats des essais de d\u00e9monstration Plants for Plants\u00ae\" \/>\n<meta name=\"robots\" content=\"index, follow, max-snippet:-1, max-image-preview:large, max-video-preview:-1\" \/>\n<link rel=\"canonical\" href=\"https:\/\/www.vaniperen.com\/fr\/projet-plants-for-plants\/resultats-des-essais-plants-for-plants\/\" \/>\n<meta property=\"og:locale\" content=\"fr_FR\" \/>\n<meta property=\"og:type\" content=\"article\" \/>\n<meta property=\"og:title\" content=\"R\u00e9sultats des Essais Plants for Plants\u00ae\" \/>\n<meta property=\"og:description\" content=\"Apr\u00e8s plusieurs essais sur le terrain, Van Iperen International publie les r\u00e9sultats des essais de d\u00e9monstration Plants for Plants\u00ae\" \/>\n<meta property=\"og:url\" content=\"https:\/\/www.vaniperen.com\/fr\/projet-plants-for-plants\/resultats-des-essais-plants-for-plants\/\" \/>\n<meta property=\"og:site_name\" content=\"Van Iperen France\" \/>\n<meta property=\"article:modified_time\" content=\"2024-10-07T13:06:17+00:00\" \/>\n<meta property=\"og:image\" content=\"https:\/\/www.vaniperen.com\/fr\/wp-content\/uploads\/sites\/2\/2022\/01\/Plants-for-Plants-trial-in-The-Netherlands-1.jpg\" \/>\n\t<meta property=\"og:image:width\" content=\"1200\" \/>\n\t<meta property=\"og:image:height\" content=\"800\" \/>\n\t<meta property=\"og:image:type\" content=\"image\/jpeg\" \/>\n<meta name=\"twitter:card\" content=\"summary_large_image\" \/>\n<meta name=\"twitter:label1\" content=\"Dur\u00e9e de lecture estim\u00e9e\" \/>\n\t<meta name=\"twitter:data1\" content=\"1 minute\" \/>\n<script type=\"application\/ld+json\" class=\"yoast-schema-graph\">{\"@context\":\"https:\\\/\\\/schema.org\",\"@graph\":[{\"@type\":\"WebPage\",\"@id\":\"https:\\\/\\\/www.vaniperen.com\\\/fr\\\/projet-plants-for-plants\\\/resultats-des-essais-plants-for-plants\\\/\",\"url\":\"https:\\\/\\\/www.vaniperen.com\\\/fr\\\/projet-plants-for-plants\\\/resultats-des-essais-plants-for-plants\\\/\",\"name\":\"R\u00e9sultats des Essais Plants for Plants\u00ae - Van Iperen France\",\"isPartOf\":{\"@id\":\"https:\\\/\\\/www.vaniperen.com\\\/fr\\\/#website\"},\"primaryImageOfPage\":{\"@id\":\"https:\\\/\\\/www.vaniperen.com\\\/fr\\\/projet-plants-for-plants\\\/resultats-des-essais-plants-for-plants\\\/#primaryimage\"},\"image\":{\"@id\":\"https:\\\/\\\/www.vaniperen.com\\\/fr\\\/projet-plants-for-plants\\\/resultats-des-essais-plants-for-plants\\\/#primaryimage\"},\"thumbnailUrl\":\"https:\\\/\\\/www.vaniperen.com\\\/fr\\\/wp-content\\\/uploads\\\/sites\\\/2\\\/2022\\\/01\\\/Plants-for-Plants-trial-in-The-Netherlands-1.jpg\",\"datePublished\":\"2020-12-28T14:36:51+00:00\",\"dateModified\":\"2024-10-07T13:06:17+00:00\",\"description\":\"Apr\u00e8s plusieurs essais sur le terrain, Van Iperen International publie les r\u00e9sultats des essais de d\u00e9monstration Plants for Plants\u00ae\",\"breadcrumb\":{\"@id\":\"https:\\\/\\\/www.vaniperen.com\\\/fr\\\/projet-plants-for-plants\\\/resultats-des-essais-plants-for-plants\\\/#breadcrumb\"},\"inLanguage\":\"fr-FR\",\"potentialAction\":[{\"@type\":\"ReadAction\",\"target\":[\"https:\\\/\\\/www.vaniperen.com\\\/fr\\\/projet-plants-for-plants\\\/resultats-des-essais-plants-for-plants\\\/\"]}]},{\"@type\":\"ImageObject\",\"inLanguage\":\"fr-FR\",\"@id\":\"https:\\\/\\\/www.vaniperen.com\\\/fr\\\/projet-plants-for-plants\\\/resultats-des-essais-plants-for-plants\\\/#primaryimage\",\"url\":\"https:\\\/\\\/www.vaniperen.com\\\/fr\\\/wp-content\\\/uploads\\\/sites\\\/2\\\/2022\\\/01\\\/Plants-for-Plants-trial-in-The-Netherlands-1.jpg\",\"contentUrl\":\"https:\\\/\\\/www.vaniperen.com\\\/fr\\\/wp-content\\\/uploads\\\/sites\\\/2\\\/2022\\\/01\\\/Plants-for-Plants-trial-in-The-Netherlands-1.jpg\",\"width\":1200,\"height\":800},{\"@type\":\"BreadcrumbList\",\"@id\":\"https:\\\/\\\/www.vaniperen.com\\\/fr\\\/projet-plants-for-plants\\\/resultats-des-essais-plants-for-plants\\\/#breadcrumb\",\"itemListElement\":[{\"@type\":\"ListItem\",\"position\":1,\"name\":\"Home\",\"item\":\"https:\\\/\\\/www.vaniperen.com\\\/fr\\\/\"},{\"@type\":\"ListItem\",\"position\":2,\"name\":\"Plants for Plants\u00ae\",\"item\":\"https:\\\/\\\/www.vaniperen.com\\\/fr\\\/projet-plants-for-plants\\\/\"},{\"@type\":\"ListItem\",\"position\":3,\"name\":\"R\u00e9sultats des Essais Plants for Plants\u00ae\"}]},{\"@type\":\"WebSite\",\"@id\":\"https:\\\/\\\/www.vaniperen.com\\\/fr\\\/#website\",\"url\":\"https:\\\/\\\/www.vaniperen.com\\\/fr\\\/\",\"name\":\"Van Iperen France\",\"description\":\"Just another WordPress site\",\"potentialAction\":[{\"@type\":\"SearchAction\",\"target\":{\"@type\":\"EntryPoint\",\"urlTemplate\":\"https:\\\/\\\/www.vaniperen.com\\\/fr\\\/?s={search_term_string}\"},\"query-input\":{\"@type\":\"PropertyValueSpecification\",\"valueRequired\":true,\"valueName\":\"search_term_string\"}}],\"inLanguage\":\"fr-FR\"}]}<\/script>\n<!-- \/ Yoast SEO Premium plugin. -->","yoast_head_json":{"title":"R\u00e9sultats des Essais Plants for Plants\u00ae - Van Iperen France","description":"Apr\u00e8s plusieurs essais sur le terrain, Van Iperen International publie les r\u00e9sultats des essais de d\u00e9monstration Plants for Plants\u00ae","robots":{"index":"index","follow":"follow","max-snippet":"max-snippet:-1","max-image-preview":"max-image-preview:large","max-video-preview":"max-video-preview:-1"},"canonical":"https:\/\/www.vaniperen.com\/fr\/projet-plants-for-plants\/resultats-des-essais-plants-for-plants\/","og_locale":"fr_FR","og_type":"article","og_title":"R\u00e9sultats des Essais Plants for Plants\u00ae","og_description":"Apr\u00e8s plusieurs essais sur le terrain, Van Iperen International publie les r\u00e9sultats des essais de d\u00e9monstration Plants for Plants\u00ae","og_url":"https:\/\/www.vaniperen.com\/fr\/projet-plants-for-plants\/resultats-des-essais-plants-for-plants\/","og_site_name":"Van Iperen France","article_modified_time":"2024-10-07T13:06:17+00:00","og_image":[{"width":1200,"height":800,"url":"https:\/\/www.vaniperen.com\/fr\/wp-content\/uploads\/sites\/2\/2022\/01\/Plants-for-Plants-trial-in-The-Netherlands-1.jpg","type":"image\/jpeg"}],"twitter_card":"summary_large_image","twitter_misc":{"Dur\u00e9e de lecture estim\u00e9e":"1 minute"},"schema":{"@context":"https:\/\/schema.org","@graph":[{"@type":"WebPage","@id":"https:\/\/www.vaniperen.com\/fr\/projet-plants-for-plants\/resultats-des-essais-plants-for-plants\/","url":"https:\/\/www.vaniperen.com\/fr\/projet-plants-for-plants\/resultats-des-essais-plants-for-plants\/","name":"R\u00e9sultats des Essais Plants for Plants\u00ae - Van Iperen France","isPartOf":{"@id":"https:\/\/www.vaniperen.com\/fr\/#website"},"primaryImageOfPage":{"@id":"https:\/\/www.vaniperen.com\/fr\/projet-plants-for-plants\/resultats-des-essais-plants-for-plants\/#primaryimage"},"image":{"@id":"https:\/\/www.vaniperen.com\/fr\/projet-plants-for-plants\/resultats-des-essais-plants-for-plants\/#primaryimage"},"thumbnailUrl":"https:\/\/www.vaniperen.com\/fr\/wp-content\/uploads\/sites\/2\/2022\/01\/Plants-for-Plants-trial-in-The-Netherlands-1.jpg","datePublished":"2020-12-28T14:36:51+00:00","dateModified":"2024-10-07T13:06:17+00:00","description":"Apr\u00e8s plusieurs essais sur le terrain, Van Iperen International publie les r\u00e9sultats des essais de d\u00e9monstration Plants for Plants\u00ae","breadcrumb":{"@id":"https:\/\/www.vaniperen.com\/fr\/projet-plants-for-plants\/resultats-des-essais-plants-for-plants\/#breadcrumb"},"inLanguage":"fr-FR","potentialAction":[{"@type":"ReadAction","target":["https:\/\/www.vaniperen.com\/fr\/projet-plants-for-plants\/resultats-des-essais-plants-for-plants\/"]}]},{"@type":"ImageObject","inLanguage":"fr-FR","@id":"https:\/\/www.vaniperen.com\/fr\/projet-plants-for-plants\/resultats-des-essais-plants-for-plants\/#primaryimage","url":"https:\/\/www.vaniperen.com\/fr\/wp-content\/uploads\/sites\/2\/2022\/01\/Plants-for-Plants-trial-in-The-Netherlands-1.jpg","contentUrl":"https:\/\/www.vaniperen.com\/fr\/wp-content\/uploads\/sites\/2\/2022\/01\/Plants-for-Plants-trial-in-The-Netherlands-1.jpg","width":1200,"height":800},{"@type":"BreadcrumbList","@id":"https:\/\/www.vaniperen.com\/fr\/projet-plants-for-plants\/resultats-des-essais-plants-for-plants\/#breadcrumb","itemListElement":[{"@type":"ListItem","position":1,"name":"Home","item":"https:\/\/www.vaniperen.com\/fr\/"},{"@type":"ListItem","position":2,"name":"Plants for Plants\u00ae","item":"https:\/\/www.vaniperen.com\/fr\/projet-plants-for-plants\/"},{"@type":"ListItem","position":3,"name":"R\u00e9sultats des Essais Plants for Plants\u00ae"}]},{"@type":"WebSite","@id":"https:\/\/www.vaniperen.com\/fr\/#website","url":"https:\/\/www.vaniperen.com\/fr\/","name":"Van Iperen France","description":"Just another WordPress site","potentialAction":[{"@type":"SearchAction","target":{"@type":"EntryPoint","urlTemplate":"https:\/\/www.vaniperen.com\/fr\/?s={search_term_string}"},"query-input":{"@type":"PropertyValueSpecification","valueRequired":true,"valueName":"search_term_string"}}],"inLanguage":"fr-FR"}]}},"_links":{"self":[{"href":"https:\/\/www.vaniperen.com\/fr\/wp-json\/wp\/v2\/pages\/6252","targetHints":{"allow":["GET"]}}],"collection":[{"href":"https:\/\/www.vaniperen.com\/fr\/wp-json\/wp\/v2\/pages"}],"about":[{"href":"https:\/\/www.vaniperen.com\/fr\/wp-json\/wp\/v2\/types\/page"}],"author":[{"embeddable":true,"href":"https:\/\/www.vaniperen.com\/fr\/wp-json\/wp\/v2\/users\/16"}],"replies":[{"embeddable":true,"href":"https:\/\/www.vaniperen.com\/fr\/wp-json\/wp\/v2\/comments?post=6252"}],"version-history":[{"count":21,"href":"https:\/\/www.vaniperen.com\/fr\/wp-json\/wp\/v2\/pages\/6252\/revisions"}],"predecessor-version":[{"id":11358,"href":"https:\/\/www.vaniperen.com\/fr\/wp-json\/wp\/v2\/pages\/6252\/revisions\/11358"}],"up":[{"embeddable":true,"href":"https:\/\/www.vaniperen.com\/fr\/wp-json\/wp\/v2\/pages\/5115"}],"wp:featuredmedia":[{"embeddable":true,"href":"https:\/\/www.vaniperen.com\/fr\/wp-json\/wp\/v2\/media\/7624"}],"wp:attachment":[{"href":"https:\/\/www.vaniperen.com\/fr\/wp-json\/wp\/v2\/media?parent=6252"}],"curies":[{"name":"wp","href":"https:\/\/api.w.org\/{rel}","templated":true}]}}