{"id":5142,"date":"2020-03-16T17:31:24","date_gmt":"2020-03-16T16:31:24","guid":{"rendered":"https:\/\/www.vaniperen.com\/fr\/?page_id=5142"},"modified":"2021-08-19T14:20:41","modified_gmt":"2021-08-19T12:20:41","slug":"quoi-de-neuf-dans-plants-for-plants","status":"publish","type":"page","link":"https:\/\/www.vaniperen.com\/fr\/projet-plants-for-plants\/quoi-de-neuf-dans-plants-for-plants\/","title":{"rendered":"Quoi de neuf dans Plants for Plants\u00ae"},"content":{"rendered":"","protected":false},"excerpt":{"rendered":"","protected":false},"author":2,"featured_media":0,"parent":5115,"menu_order":0,"comment_status":"closed","ping_status":"closed","template":"","meta":{"_acf_changed":false,"_trash_the_other_posts":false,"_monsterinsights_skip_tracking":false,"_monsterinsights_sitenote_active":false,"_monsterinsights_sitenote_note":"","_monsterinsights_sitenote_category":0,"editor_notices":[]},"class_list":["post-5142","page","type-page","status-publish","hentry"],"acf":[],"yoast_head":"<!-- This site is optimized with the Yoast SEO Premium plugin v27.3 (Yoast SEO v27.3) - https:\/\/yoast.com\/product\/yoast-seo-premium-wordpress\/ -->\n<title>Quoi de neuf dans Plants for Plants\u00ae - Van Iperen International<\/title>\n<meta name=\"description\" content=\"D\u00e9couvrez les derni\u00e8res actualit\u00e9s, interviews, reportageset nouvelles sur le projet Plants for Plants et toutes les actualit\u00e9s sur P4P membres.\" \/>\n<meta name=\"robots\" content=\"index, follow, max-snippet:-1, max-image-preview:large, max-video-preview:-1\" \/>\n<link rel=\"canonical\" href=\"https:\/\/www.vaniperen.com\/fr\/projet-plants-for-plants\/quoi-de-neuf-dans-plants-for-plants\/\" \/>\n<meta property=\"og:locale\" content=\"fr_FR\" \/>\n<meta property=\"og:type\" content=\"article\" \/>\n<meta property=\"og:title\" content=\"Quoi de neuf dans Plants for Plants\u00ae\" \/>\n<meta property=\"og:description\" content=\"D\u00e9couvrez les derni\u00e8res actualit\u00e9s, interviews, reportageset nouvelles sur le projet Plants for Plants et toutes les actualit\u00e9s sur P4P membres.\" \/>\n<meta property=\"og:url\" content=\"https:\/\/www.vaniperen.com\/fr\/projet-plants-for-plants\/quoi-de-neuf-dans-plants-for-plants\/\" \/>\n<meta property=\"og:site_name\" content=\"Van Iperen France\" \/>\n<meta property=\"article:modified_time\" content=\"2021-08-19T12:20:41+00:00\" \/>\n<meta name=\"twitter:card\" content=\"summary_large_image\" \/>\n<script type=\"application\/ld+json\" class=\"yoast-schema-graph\">{\"@context\":\"https:\\\/\\\/schema.org\",\"@graph\":[{\"@type\":\"WebPage\",\"@id\":\"https:\\\/\\\/www.vaniperen.com\\\/fr\\\/projet-plants-for-plants\\\/quoi-de-neuf-dans-plants-for-plants\\\/\",\"url\":\"https:\\\/\\\/www.vaniperen.com\\\/fr\\\/projet-plants-for-plants\\\/quoi-de-neuf-dans-plants-for-plants\\\/\",\"name\":\"Quoi de neuf dans Plants for Plants\u00ae - Van Iperen International\",\"isPartOf\":{\"@id\":\"https:\\\/\\\/www.vaniperen.com\\\/fr\\\/#website\"},\"datePublished\":\"2020-03-16T16:31:24+00:00\",\"dateModified\":\"2021-08-19T12:20:41+00:00\",\"description\":\"D\u00e9couvrez les derni\u00e8res actualit\u00e9s, interviews, reportageset nouvelles sur le projet Plants for Plants et toutes les actualit\u00e9s sur P4P membres.\",\"breadcrumb\":{\"@id\":\"https:\\\/\\\/www.vaniperen.com\\\/fr\\\/projet-plants-for-plants\\\/quoi-de-neuf-dans-plants-for-plants\\\/#breadcrumb\"},\"inLanguage\":\"fr-FR\",\"potentialAction\":[{\"@type\":\"ReadAction\",\"target\":[\"https:\\\/\\\/www.vaniperen.com\\\/fr\\\/projet-plants-for-plants\\\/quoi-de-neuf-dans-plants-for-plants\\\/\"]}]},{\"@type\":\"BreadcrumbList\",\"@id\":\"https:\\\/\\\/www.vaniperen.com\\\/fr\\\/projet-plants-for-plants\\\/quoi-de-neuf-dans-plants-for-plants\\\/#breadcrumb\",\"itemListElement\":[{\"@type\":\"ListItem\",\"position\":1,\"name\":\"Home\",\"item\":\"https:\\\/\\\/www.vaniperen.com\\\/fr\\\/\"},{\"@type\":\"ListItem\",\"position\":2,\"name\":\"Plants for Plants\u00ae\",\"item\":\"https:\\\/\\\/www.vaniperen.com\\\/fr\\\/projet-plants-for-plants\\\/\"},{\"@type\":\"ListItem\",\"position\":3,\"name\":\"Quoi de neuf dans Plants for Plants\u00ae\"}]},{\"@type\":\"WebSite\",\"@id\":\"https:\\\/\\\/www.vaniperen.com\\\/fr\\\/#website\",\"url\":\"https:\\\/\\\/www.vaniperen.com\\\/fr\\\/\",\"name\":\"Van Iperen France\",\"description\":\"Just another WordPress site\",\"potentialAction\":[{\"@type\":\"SearchAction\",\"target\":{\"@type\":\"EntryPoint\",\"urlTemplate\":\"https:\\\/\\\/www.vaniperen.com\\\/fr\\\/?s={search_term_string}\"},\"query-input\":{\"@type\":\"PropertyValueSpecification\",\"valueRequired\":true,\"valueName\":\"search_term_string\"}}],\"inLanguage\":\"fr-FR\"}]}<\/script>\n<!-- \/ Yoast SEO Premium plugin. -->","yoast_head_json":{"title":"Quoi de neuf dans Plants for Plants\u00ae - Van Iperen International","description":"D\u00e9couvrez les derni\u00e8res actualit\u00e9s, interviews, reportageset nouvelles sur le projet Plants for Plants et toutes les actualit\u00e9s sur P4P membres.","robots":{"index":"index","follow":"follow","max-snippet":"max-snippet:-1","max-image-preview":"max-image-preview:large","max-video-preview":"max-video-preview:-1"},"canonical":"https:\/\/www.vaniperen.com\/fr\/projet-plants-for-plants\/quoi-de-neuf-dans-plants-for-plants\/","og_locale":"fr_FR","og_type":"article","og_title":"Quoi de neuf dans Plants for Plants\u00ae","og_description":"D\u00e9couvrez les derni\u00e8res actualit\u00e9s, interviews, reportageset nouvelles sur le projet Plants for Plants et toutes les actualit\u00e9s sur P4P membres.","og_url":"https:\/\/www.vaniperen.com\/fr\/projet-plants-for-plants\/quoi-de-neuf-dans-plants-for-plants\/","og_site_name":"Van Iperen France","article_modified_time":"2021-08-19T12:20:41+00:00","twitter_card":"summary_large_image","schema":{"@context":"https:\/\/schema.org","@graph":[{"@type":"WebPage","@id":"https:\/\/www.vaniperen.com\/fr\/projet-plants-for-plants\/quoi-de-neuf-dans-plants-for-plants\/","url":"https:\/\/www.vaniperen.com\/fr\/projet-plants-for-plants\/quoi-de-neuf-dans-plants-for-plants\/","name":"Quoi de neuf dans Plants for Plants\u00ae - Van Iperen International","isPartOf":{"@id":"https:\/\/www.vaniperen.com\/fr\/#website"},"datePublished":"2020-03-16T16:31:24+00:00","dateModified":"2021-08-19T12:20:41+00:00","description":"D\u00e9couvrez les derni\u00e8res actualit\u00e9s, interviews, reportageset nouvelles sur le projet Plants for Plants et toutes les actualit\u00e9s sur P4P membres.","breadcrumb":{"@id":"https:\/\/www.vaniperen.com\/fr\/projet-plants-for-plants\/quoi-de-neuf-dans-plants-for-plants\/#breadcrumb"},"inLanguage":"fr-FR","potentialAction":[{"@type":"ReadAction","target":["https:\/\/www.vaniperen.com\/fr\/projet-plants-for-plants\/quoi-de-neuf-dans-plants-for-plants\/"]}]},{"@type":"BreadcrumbList","@id":"https:\/\/www.vaniperen.com\/fr\/projet-plants-for-plants\/quoi-de-neuf-dans-plants-for-plants\/#breadcrumb","itemListElement":[{"@type":"ListItem","position":1,"name":"Home","item":"https:\/\/www.vaniperen.com\/fr\/"},{"@type":"ListItem","position":2,"name":"Plants for Plants\u00ae","item":"https:\/\/www.vaniperen.com\/fr\/projet-plants-for-plants\/"},{"@type":"ListItem","position":3,"name":"Quoi de neuf dans Plants for Plants\u00ae"}]},{"@type":"WebSite","@id":"https:\/\/www.vaniperen.com\/fr\/#website","url":"https:\/\/www.vaniperen.com\/fr\/","name":"Van Iperen France","description":"Just another WordPress site","potentialAction":[{"@type":"SearchAction","target":{"@type":"EntryPoint","urlTemplate":"https:\/\/www.vaniperen.com\/fr\/?s={search_term_string}"},"query-input":{"@type":"PropertyValueSpecification","valueRequired":true,"valueName":"search_term_string"}}],"inLanguage":"fr-FR"}]}},"_links":{"self":[{"href":"https:\/\/www.vaniperen.com\/fr\/wp-json\/wp\/v2\/pages\/5142","targetHints":{"allow":["GET"]}}],"collection":[{"href":"https:\/\/www.vaniperen.com\/fr\/wp-json\/wp\/v2\/pages"}],"about":[{"href":"https:\/\/www.vaniperen.com\/fr\/wp-json\/wp\/v2\/types\/page"}],"author":[{"embeddable":true,"href":"https:\/\/www.vaniperen.com\/fr\/wp-json\/wp\/v2\/users\/2"}],"replies":[{"embeddable":true,"href":"https:\/\/www.vaniperen.com\/fr\/wp-json\/wp\/v2\/comments?post=5142"}],"version-history":[{"count":8,"href":"https:\/\/www.vaniperen.com\/fr\/wp-json\/wp\/v2\/pages\/5142\/revisions"}],"predecessor-version":[{"id":6949,"href":"https:\/\/www.vaniperen.com\/fr\/wp-json\/wp\/v2\/pages\/5142\/revisions\/6949"}],"up":[{"embeddable":true,"href":"https:\/\/www.vaniperen.com\/fr\/wp-json\/wp\/v2\/pages\/5115"}],"wp:attachment":[{"href":"https:\/\/www.vaniperen.com\/fr\/wp-json\/wp\/v2\/media?parent=5142"}],"curies":[{"name":"wp","href":"https:\/\/api.w.org\/{rel}","templated":true}]}}