{"id":5130,"date":"2020-03-16T17:08:33","date_gmt":"2020-03-16T16:08:33","guid":{"rendered":"https:\/\/www.vaniperen.com\/fr\/?page_id=5130"},"modified":"2022-01-10T16:05:36","modified_gmt":"2022-01-10T15:05:36","slug":"programme-life","status":"publish","type":"page","link":"https:\/\/www.vaniperen.com\/fr\/projet-plants-for-plants\/programme-life\/","title":{"rendered":"Programme LIFE"},"content":{"rendered":"","protected":false},"excerpt":{"rendered":"","protected":false},"author":2,"featured_media":7659,"parent":5115,"menu_order":0,"comment_status":"closed","ping_status":"closed","template":"","meta":{"_acf_changed":false,"_trash_the_other_posts":false,"_monsterinsights_skip_tracking":false,"_monsterinsights_sitenote_active":false,"_monsterinsights_sitenote_note":"","_monsterinsights_sitenote_category":0,"editor_notices":[]},"class_list":["post-5130","page","type-page","status-publish","has-post-thumbnail","hentry"],"acf":[],"yoast_head":"<!-- This site is optimized with the Yoast SEO Premium plugin v27.1 (Yoast SEO v27.1.1) - https:\/\/yoast.com\/product\/yoast-seo-premium-wordpress\/ -->\n<title>Programme LIFE - Van Iperen International<\/title>\n<meta name=\"description\" content=\"Plants for Plants est un projet qui re\u00e7oit des fonds du programme EU LIFE. D\u00e9couvrez la r\u00e9gulation du projet et ses objectifs climatiques.\" \/>\n<meta name=\"robots\" content=\"index, follow, max-snippet:-1, max-image-preview:large, max-video-preview:-1\" \/>\n<link rel=\"canonical\" href=\"https:\/\/www.vaniperen.com\/fr\/projet-plants-for-plants\/programme-life\/\" \/>\n<meta property=\"og:locale\" content=\"fr_FR\" \/>\n<meta property=\"og:type\" content=\"article\" \/>\n<meta property=\"og:title\" content=\"Programme LIFE\" \/>\n<meta property=\"og:description\" content=\"Plants for Plants est un projet qui re\u00e7oit des fonds du programme EU LIFE. D\u00e9couvrez la r\u00e9gulation du projet et ses objectifs climatiques.\" \/>\n<meta property=\"og:url\" content=\"https:\/\/www.vaniperen.com\/fr\/projet-plants-for-plants\/programme-life\/\" \/>\n<meta property=\"og:site_name\" content=\"Van Iperen France\" \/>\n<meta property=\"article:modified_time\" content=\"2022-01-10T15:05:36+00:00\" \/>\n<meta property=\"og:image\" content=\"https:\/\/www.vaniperen.com\/fr\/wp-content\/uploads\/sites\/2\/2022\/01\/life_VII-green.png\" \/>\n\t<meta property=\"og:image:width\" content=\"791\" \/>\n\t<meta property=\"og:image:height\" content=\"573\" \/>\n\t<meta property=\"og:image:type\" content=\"image\/png\" \/>\n<meta name=\"twitter:card\" content=\"summary_large_image\" \/>\n<script type=\"application\/ld+json\" class=\"yoast-schema-graph\">{\"@context\":\"https:\/\/schema.org\",\"@graph\":[{\"@type\":\"WebPage\",\"@id\":\"https:\/\/www.vaniperen.com\/fr\/projet-plants-for-plants\/programme-life\/\",\"url\":\"https:\/\/www.vaniperen.com\/fr\/projet-plants-for-plants\/programme-life\/\",\"name\":\"Programme LIFE - Van Iperen International\",\"isPartOf\":{\"@id\":\"https:\/\/www.vaniperen.com\/fr\/#website\"},\"primaryImageOfPage\":{\"@id\":\"https:\/\/www.vaniperen.com\/fr\/projet-plants-for-plants\/programme-life\/#primaryimage\"},\"image\":{\"@id\":\"https:\/\/www.vaniperen.com\/fr\/projet-plants-for-plants\/programme-life\/#primaryimage\"},\"thumbnailUrl\":\"https:\/\/www.vaniperen.com\/fr\/wp-content\/uploads\/sites\/2\/2022\/01\/life_VII-green.png\",\"datePublished\":\"2020-03-16T16:08:33+00:00\",\"dateModified\":\"2022-01-10T15:05:36+00:00\",\"description\":\"Plants for Plants est un projet qui re\u00e7oit des fonds du programme EU LIFE. D\u00e9couvrez la r\u00e9gulation du projet et ses objectifs climatiques.\",\"breadcrumb\":{\"@id\":\"https:\/\/www.vaniperen.com\/fr\/projet-plants-for-plants\/programme-life\/#breadcrumb\"},\"inLanguage\":\"fr-FR\",\"potentialAction\":[{\"@type\":\"ReadAction\",\"target\":[\"https:\/\/www.vaniperen.com\/fr\/projet-plants-for-plants\/programme-life\/\"]}]},{\"@type\":\"ImageObject\",\"inLanguage\":\"fr-FR\",\"@id\":\"https:\/\/www.vaniperen.com\/fr\/projet-plants-for-plants\/programme-life\/#primaryimage\",\"url\":\"https:\/\/www.vaniperen.com\/fr\/wp-content\/uploads\/sites\/2\/2022\/01\/life_VII-green.png\",\"contentUrl\":\"https:\/\/www.vaniperen.com\/fr\/wp-content\/uploads\/sites\/2\/2022\/01\/life_VII-green.png\",\"width\":791,\"height\":573},{\"@type\":\"BreadcrumbList\",\"@id\":\"https:\/\/www.vaniperen.com\/fr\/projet-plants-for-plants\/programme-life\/#breadcrumb\",\"itemListElement\":[{\"@type\":\"ListItem\",\"position\":1,\"name\":\"Home\",\"item\":\"https:\/\/www.vaniperen.com\/fr\/\"},{\"@type\":\"ListItem\",\"position\":2,\"name\":\"Plants for Plants\u00ae\",\"item\":\"https:\/\/www.vaniperen.com\/fr\/projet-plants-for-plants\/\"},{\"@type\":\"ListItem\",\"position\":3,\"name\":\"Programme LIFE\"}]},{\"@type\":\"WebSite\",\"@id\":\"https:\/\/www.vaniperen.com\/fr\/#website\",\"url\":\"https:\/\/www.vaniperen.com\/fr\/\",\"name\":\"Van Iperen France\",\"description\":\"Just another WordPress site\",\"potentialAction\":[{\"@type\":\"SearchAction\",\"target\":{\"@type\":\"EntryPoint\",\"urlTemplate\":\"https:\/\/www.vaniperen.com\/fr\/?s={search_term_string}\"},\"query-input\":{\"@type\":\"PropertyValueSpecification\",\"valueRequired\":true,\"valueName\":\"search_term_string\"}}],\"inLanguage\":\"fr-FR\"}]}<\/script>\n<!-- \/ Yoast SEO Premium plugin. -->","yoast_head_json":{"title":"Programme LIFE - Van Iperen International","description":"Plants for Plants est un projet qui re\u00e7oit des fonds du programme EU LIFE. D\u00e9couvrez la r\u00e9gulation du projet et ses objectifs climatiques.","robots":{"index":"index","follow":"follow","max-snippet":"max-snippet:-1","max-image-preview":"max-image-preview:large","max-video-preview":"max-video-preview:-1"},"canonical":"https:\/\/www.vaniperen.com\/fr\/projet-plants-for-plants\/programme-life\/","og_locale":"fr_FR","og_type":"article","og_title":"Programme LIFE","og_description":"Plants for Plants est un projet qui re\u00e7oit des fonds du programme EU LIFE. D\u00e9couvrez la r\u00e9gulation du projet et ses objectifs climatiques.","og_url":"https:\/\/www.vaniperen.com\/fr\/projet-plants-for-plants\/programme-life\/","og_site_name":"Van Iperen France","article_modified_time":"2022-01-10T15:05:36+00:00","og_image":[{"width":791,"height":573,"url":"https:\/\/www.vaniperen.com\/fr\/wp-content\/uploads\/sites\/2\/2022\/01\/life_VII-green.png","type":"image\/png"}],"twitter_card":"summary_large_image","schema":{"@context":"https:\/\/schema.org","@graph":[{"@type":"WebPage","@id":"https:\/\/www.vaniperen.com\/fr\/projet-plants-for-plants\/programme-life\/","url":"https:\/\/www.vaniperen.com\/fr\/projet-plants-for-plants\/programme-life\/","name":"Programme LIFE - Van Iperen International","isPartOf":{"@id":"https:\/\/www.vaniperen.com\/fr\/#website"},"primaryImageOfPage":{"@id":"https:\/\/www.vaniperen.com\/fr\/projet-plants-for-plants\/programme-life\/#primaryimage"},"image":{"@id":"https:\/\/www.vaniperen.com\/fr\/projet-plants-for-plants\/programme-life\/#primaryimage"},"thumbnailUrl":"https:\/\/www.vaniperen.com\/fr\/wp-content\/uploads\/sites\/2\/2022\/01\/life_VII-green.png","datePublished":"2020-03-16T16:08:33+00:00","dateModified":"2022-01-10T15:05:36+00:00","description":"Plants for Plants est un projet qui re\u00e7oit des fonds du programme EU LIFE. D\u00e9couvrez la r\u00e9gulation du projet et ses objectifs climatiques.","breadcrumb":{"@id":"https:\/\/www.vaniperen.com\/fr\/projet-plants-for-plants\/programme-life\/#breadcrumb"},"inLanguage":"fr-FR","potentialAction":[{"@type":"ReadAction","target":["https:\/\/www.vaniperen.com\/fr\/projet-plants-for-plants\/programme-life\/"]}]},{"@type":"ImageObject","inLanguage":"fr-FR","@id":"https:\/\/www.vaniperen.com\/fr\/projet-plants-for-plants\/programme-life\/#primaryimage","url":"https:\/\/www.vaniperen.com\/fr\/wp-content\/uploads\/sites\/2\/2022\/01\/life_VII-green.png","contentUrl":"https:\/\/www.vaniperen.com\/fr\/wp-content\/uploads\/sites\/2\/2022\/01\/life_VII-green.png","width":791,"height":573},{"@type":"BreadcrumbList","@id":"https:\/\/www.vaniperen.com\/fr\/projet-plants-for-plants\/programme-life\/#breadcrumb","itemListElement":[{"@type":"ListItem","position":1,"name":"Home","item":"https:\/\/www.vaniperen.com\/fr\/"},{"@type":"ListItem","position":2,"name":"Plants for Plants\u00ae","item":"https:\/\/www.vaniperen.com\/fr\/projet-plants-for-plants\/"},{"@type":"ListItem","position":3,"name":"Programme LIFE"}]},{"@type":"WebSite","@id":"https:\/\/www.vaniperen.com\/fr\/#website","url":"https:\/\/www.vaniperen.com\/fr\/","name":"Van Iperen France","description":"Just another WordPress site","potentialAction":[{"@type":"SearchAction","target":{"@type":"EntryPoint","urlTemplate":"https:\/\/www.vaniperen.com\/fr\/?s={search_term_string}"},"query-input":{"@type":"PropertyValueSpecification","valueRequired":true,"valueName":"search_term_string"}}],"inLanguage":"fr-FR"}]}},"_links":{"self":[{"href":"https:\/\/www.vaniperen.com\/fr\/wp-json\/wp\/v2\/pages\/5130","targetHints":{"allow":["GET"]}}],"collection":[{"href":"https:\/\/www.vaniperen.com\/fr\/wp-json\/wp\/v2\/pages"}],"about":[{"href":"https:\/\/www.vaniperen.com\/fr\/wp-json\/wp\/v2\/types\/page"}],"author":[{"embeddable":true,"href":"https:\/\/www.vaniperen.com\/fr\/wp-json\/wp\/v2\/users\/2"}],"replies":[{"embeddable":true,"href":"https:\/\/www.vaniperen.com\/fr\/wp-json\/wp\/v2\/comments?post=5130"}],"version-history":[{"count":3,"href":"https:\/\/www.vaniperen.com\/fr\/wp-json\/wp\/v2\/pages\/5130\/revisions"}],"predecessor-version":[{"id":7658,"href":"https:\/\/www.vaniperen.com\/fr\/wp-json\/wp\/v2\/pages\/5130\/revisions\/7658"}],"up":[{"embeddable":true,"href":"https:\/\/www.vaniperen.com\/fr\/wp-json\/wp\/v2\/pages\/5115"}],"wp:featuredmedia":[{"embeddable":true,"href":"https:\/\/www.vaniperen.com\/fr\/wp-json\/wp\/v2\/media\/7659"}],"wp:attachment":[{"href":"https:\/\/www.vaniperen.com\/fr\/wp-json\/wp\/v2\/media?parent=5130"}],"curies":[{"name":"wp","href":"https:\/\/api.w.org\/{rel}","templated":true}]}}