{"id":370,"date":"2017-11-17T06:48:55","date_gmt":"2017-11-17T06:48:55","guid":{"rendered":"https:\/\/www.vaniperen.com\/fr\/?page_id=370"},"modified":"2024-03-22T12:43:52","modified_gmt":"2024-03-22T11:43:52","slug":"nous-connaitre","status":"publish","type":"page","link":"https:\/\/www.vaniperen.com\/fr\/nous-connaitre\/","title":{"rendered":"Let&rsquo;s make the green switch!"},"content":{"rendered":"","protected":false},"excerpt":{"rendered":"","protected":false},"author":2,"featured_media":6648,"parent":0,"menu_order":0,"comment_status":"closed","ping_status":"closed","template":"","meta":{"_acf_changed":false,"_trash_the_other_posts":false,"_monsterinsights_skip_tracking":false,"_monsterinsights_sitenote_active":false,"_monsterinsights_sitenote_note":"","_monsterinsights_sitenote_category":0,"editor_notices":[]},"class_list":["post-370","page","type-page","status-publish","has-post-thumbnail","hentry"],"acf":[],"yoast_head":"<!-- This site is optimized with the Yoast SEO Premium plugin v27.1 (Yoast SEO v27.1.1) - https:\/\/yoast.com\/product\/yoast-seo-premium-wordpress\/ -->\n<title>Let&#039;s make the green switch! - Van Iperen France<\/title>\n<meta name=\"description\" content=\"Van Iperen International est un producteur n\u00e9erlandais d&#039;engrais de sp\u00e9cialit\u00e9 et de biostimulants pour une agriculture plus durable.\" \/>\n<meta name=\"robots\" content=\"index, follow, max-snippet:-1, max-image-preview:large, max-video-preview:-1\" \/>\n<link rel=\"canonical\" href=\"https:\/\/www.vaniperen.com\/fr\/nous-connaitre\/\" \/>\n<meta property=\"og:locale\" content=\"fr_FR\" \/>\n<meta property=\"og:type\" content=\"article\" \/>\n<meta property=\"og:title\" content=\"Let&#039;s make the green switch!\" \/>\n<meta property=\"og:description\" content=\"Van Iperen International est un producteur n\u00e9erlandais d&#039;engrais de sp\u00e9cialit\u00e9 et de biostimulants pour une agriculture plus durable.\" \/>\n<meta property=\"og:url\" content=\"https:\/\/www.vaniperen.com\/fr\/nous-connaitre\/\" \/>\n<meta property=\"og:site_name\" content=\"Van Iperen France\" \/>\n<meta property=\"article:modified_time\" content=\"2024-03-22T11:43:52+00:00\" \/>\n<meta property=\"og:image\" content=\"https:\/\/www.vaniperen.com\/fr\/wp-content\/uploads\/sites\/2\/2021\/03\/About-Us-Van-Iperen-International-1920x1400-1-scaled.jpg\" \/>\n\t<meta property=\"og:image:width\" content=\"2560\" \/>\n\t<meta property=\"og:image:height\" content=\"1195\" \/>\n\t<meta property=\"og:image:type\" content=\"image\/jpeg\" \/>\n<meta name=\"twitter:card\" content=\"summary_large_image\" \/>\n<meta name=\"twitter:label1\" content=\"Dur\u00e9e de lecture estim\u00e9e\" \/>\n\t<meta name=\"twitter:data1\" content=\"5 minutes\" \/>\n<script type=\"application\/ld+json\" class=\"yoast-schema-graph\">{\"@context\":\"https:\/\/schema.org\",\"@graph\":[{\"@type\":\"WebPage\",\"@id\":\"https:\/\/www.vaniperen.com\/fr\/nous-connaitre\/\",\"url\":\"https:\/\/www.vaniperen.com\/fr\/nous-connaitre\/\",\"name\":\"Let's make the green switch! - Van Iperen France\",\"isPartOf\":{\"@id\":\"https:\/\/www.vaniperen.com\/fr\/#website\"},\"primaryImageOfPage\":{\"@id\":\"https:\/\/www.vaniperen.com\/fr\/nous-connaitre\/#primaryimage\"},\"image\":{\"@id\":\"https:\/\/www.vaniperen.com\/fr\/nous-connaitre\/#primaryimage\"},\"thumbnailUrl\":\"https:\/\/www.vaniperen.com\/fr\/wp-content\/uploads\/sites\/2\/2021\/03\/About-Us-Van-Iperen-International-1920x1400-1-scaled.jpg\",\"datePublished\":\"2017-11-17T06:48:55+00:00\",\"dateModified\":\"2024-03-22T11:43:52+00:00\",\"description\":\"Van Iperen International est un producteur n\u00e9erlandais d'engrais de sp\u00e9cialit\u00e9 et de biostimulants pour une agriculture plus durable.\",\"breadcrumb\":{\"@id\":\"https:\/\/www.vaniperen.com\/fr\/nous-connaitre\/#breadcrumb\"},\"inLanguage\":\"fr-FR\",\"potentialAction\":[{\"@type\":\"ReadAction\",\"target\":[\"https:\/\/www.vaniperen.com\/fr\/nous-connaitre\/\"]}]},{\"@type\":\"ImageObject\",\"inLanguage\":\"fr-FR\",\"@id\":\"https:\/\/www.vaniperen.com\/fr\/nous-connaitre\/#primaryimage\",\"url\":\"https:\/\/www.vaniperen.com\/fr\/wp-content\/uploads\/sites\/2\/2021\/03\/About-Us-Van-Iperen-International-1920x1400-1-scaled.jpg\",\"contentUrl\":\"https:\/\/www.vaniperen.com\/fr\/wp-content\/uploads\/sites\/2\/2021\/03\/About-Us-Van-Iperen-International-1920x1400-1-scaled.jpg\",\"width\":2560,\"height\":1195},{\"@type\":\"BreadcrumbList\",\"@id\":\"https:\/\/www.vaniperen.com\/fr\/nous-connaitre\/#breadcrumb\",\"itemListElement\":[{\"@type\":\"ListItem\",\"position\":1,\"name\":\"Home\",\"item\":\"https:\/\/www.vaniperen.com\/fr\/\"},{\"@type\":\"ListItem\",\"position\":2,\"name\":\"Let&#8217;s make the green switch!\"}]},{\"@type\":\"WebSite\",\"@id\":\"https:\/\/www.vaniperen.com\/fr\/#website\",\"url\":\"https:\/\/www.vaniperen.com\/fr\/\",\"name\":\"Van Iperen France\",\"description\":\"Just another WordPress site\",\"potentialAction\":[{\"@type\":\"SearchAction\",\"target\":{\"@type\":\"EntryPoint\",\"urlTemplate\":\"https:\/\/www.vaniperen.com\/fr\/?s={search_term_string}\"},\"query-input\":{\"@type\":\"PropertyValueSpecification\",\"valueRequired\":true,\"valueName\":\"search_term_string\"}}],\"inLanguage\":\"fr-FR\"}]}<\/script>\n<!-- \/ Yoast SEO Premium plugin. -->","yoast_head_json":{"title":"Let's make the green switch! - Van Iperen France","description":"Van Iperen International est un producteur n\u00e9erlandais d'engrais de sp\u00e9cialit\u00e9 et de biostimulants pour une agriculture plus durable.","robots":{"index":"index","follow":"follow","max-snippet":"max-snippet:-1","max-image-preview":"max-image-preview:large","max-video-preview":"max-video-preview:-1"},"canonical":"https:\/\/www.vaniperen.com\/fr\/nous-connaitre\/","og_locale":"fr_FR","og_type":"article","og_title":"Let's make the green switch!","og_description":"Van Iperen International est un producteur n\u00e9erlandais d'engrais de sp\u00e9cialit\u00e9 et de biostimulants pour une agriculture plus durable.","og_url":"https:\/\/www.vaniperen.com\/fr\/nous-connaitre\/","og_site_name":"Van Iperen France","article_modified_time":"2024-03-22T11:43:52+00:00","og_image":[{"width":2560,"height":1195,"url":"https:\/\/www.vaniperen.com\/fr\/wp-content\/uploads\/sites\/2\/2021\/03\/About-Us-Van-Iperen-International-1920x1400-1-scaled.jpg","type":"image\/jpeg"}],"twitter_card":"summary_large_image","twitter_misc":{"Dur\u00e9e de lecture estim\u00e9e":"5 minutes"},"schema":{"@context":"https:\/\/schema.org","@graph":[{"@type":"WebPage","@id":"https:\/\/www.vaniperen.com\/fr\/nous-connaitre\/","url":"https:\/\/www.vaniperen.com\/fr\/nous-connaitre\/","name":"Let's make the green switch! - Van Iperen France","isPartOf":{"@id":"https:\/\/www.vaniperen.com\/fr\/#website"},"primaryImageOfPage":{"@id":"https:\/\/www.vaniperen.com\/fr\/nous-connaitre\/#primaryimage"},"image":{"@id":"https:\/\/www.vaniperen.com\/fr\/nous-connaitre\/#primaryimage"},"thumbnailUrl":"https:\/\/www.vaniperen.com\/fr\/wp-content\/uploads\/sites\/2\/2021\/03\/About-Us-Van-Iperen-International-1920x1400-1-scaled.jpg","datePublished":"2017-11-17T06:48:55+00:00","dateModified":"2024-03-22T11:43:52+00:00","description":"Van Iperen International est un producteur n\u00e9erlandais d'engrais de sp\u00e9cialit\u00e9 et de biostimulants pour une agriculture plus durable.","breadcrumb":{"@id":"https:\/\/www.vaniperen.com\/fr\/nous-connaitre\/#breadcrumb"},"inLanguage":"fr-FR","potentialAction":[{"@type":"ReadAction","target":["https:\/\/www.vaniperen.com\/fr\/nous-connaitre\/"]}]},{"@type":"ImageObject","inLanguage":"fr-FR","@id":"https:\/\/www.vaniperen.com\/fr\/nous-connaitre\/#primaryimage","url":"https:\/\/www.vaniperen.com\/fr\/wp-content\/uploads\/sites\/2\/2021\/03\/About-Us-Van-Iperen-International-1920x1400-1-scaled.jpg","contentUrl":"https:\/\/www.vaniperen.com\/fr\/wp-content\/uploads\/sites\/2\/2021\/03\/About-Us-Van-Iperen-International-1920x1400-1-scaled.jpg","width":2560,"height":1195},{"@type":"BreadcrumbList","@id":"https:\/\/www.vaniperen.com\/fr\/nous-connaitre\/#breadcrumb","itemListElement":[{"@type":"ListItem","position":1,"name":"Home","item":"https:\/\/www.vaniperen.com\/fr\/"},{"@type":"ListItem","position":2,"name":"Let&#8217;s make the green switch!"}]},{"@type":"WebSite","@id":"https:\/\/www.vaniperen.com\/fr\/#website","url":"https:\/\/www.vaniperen.com\/fr\/","name":"Van Iperen France","description":"Just another WordPress site","potentialAction":[{"@type":"SearchAction","target":{"@type":"EntryPoint","urlTemplate":"https:\/\/www.vaniperen.com\/fr\/?s={search_term_string}"},"query-input":{"@type":"PropertyValueSpecification","valueRequired":true,"valueName":"search_term_string"}}],"inLanguage":"fr-FR"}]}},"_links":{"self":[{"href":"https:\/\/www.vaniperen.com\/fr\/wp-json\/wp\/v2\/pages\/370","targetHints":{"allow":["GET"]}}],"collection":[{"href":"https:\/\/www.vaniperen.com\/fr\/wp-json\/wp\/v2\/pages"}],"about":[{"href":"https:\/\/www.vaniperen.com\/fr\/wp-json\/wp\/v2\/types\/page"}],"author":[{"embeddable":true,"href":"https:\/\/www.vaniperen.com\/fr\/wp-json\/wp\/v2\/users\/2"}],"replies":[{"embeddable":true,"href":"https:\/\/www.vaniperen.com\/fr\/wp-json\/wp\/v2\/comments?post=370"}],"version-history":[{"count":42,"href":"https:\/\/www.vaniperen.com\/fr\/wp-json\/wp\/v2\/pages\/370\/revisions"}],"predecessor-version":[{"id":10894,"href":"https:\/\/www.vaniperen.com\/fr\/wp-json\/wp\/v2\/pages\/370\/revisions\/10894"}],"wp:featuredmedia":[{"embeddable":true,"href":"https:\/\/www.vaniperen.com\/fr\/wp-json\/wp\/v2\/media\/6648"}],"wp:attachment":[{"href":"https:\/\/www.vaniperen.com\/fr\/wp-json\/wp\/v2\/media?parent=370"}],"curies":[{"name":"wp","href":"https:\/\/api.w.org\/{rel}","templated":true}]}}