{"id":7693,"date":"2022-06-01T10:34:48","date_gmt":"2022-06-01T08:34:48","guid":{"rendered":"https:\/\/www.vaniperen.com\/es\/?page_id=7693"},"modified":"2023-06-14T16:35:22","modified_gmt":"2023-06-14T14:35:22","slug":"transmision-en-vivo-conferencia-final-proyecto-life-plants-for-plants","status":"publish","type":"page","link":"https:\/\/www.vaniperen.com\/es\/transmision-en-vivo-conferencia-final-proyecto-life-plants-for-plants\/","title":{"rendered":"Transmisi\u00f3n en vivo: Conferencia final Proyecto LIFE Plants for Plants"},"content":{"rendered":"","protected":false},"excerpt":{"rendered":"","protected":false},"author":16,"featured_media":7695,"parent":0,"menu_order":0,"comment_status":"closed","ping_status":"closed","template":"","meta":{"_acf_changed":false,"_trash_the_other_posts":false,"_monsterinsights_skip_tracking":false,"_monsterinsights_sitenote_active":false,"_monsterinsights_sitenote_note":"","_monsterinsights_sitenote_category":0,"editor_notices":[]},"class_list":["post-7693","page","type-page","status-publish","has-post-thumbnail","hentry"],"acf":[],"yoast_head":"<!-- This site is optimized with the Yoast SEO Premium plugin v27.3 (Yoast SEO v27.3) - https:\/\/yoast.com\/product\/yoast-seo-premium-wordpress\/ -->\n<title>Transmisi\u00f3n en vivo: Conferencia final Proyecto LIFE Plants for Plants - Van Iperen Espa\u00f1ol<\/title>\n<meta name=\"description\" content=\"Aqui puede ver la transmisi\u00f3n en vivo de la Conferencia final: Proyecto LIFE Plants for Plants\u00ae organizada por Van Iperen International.\" \/>\n<meta name=\"robots\" content=\"index, follow, max-snippet:-1, max-image-preview:large, max-video-preview:-1\" \/>\n<link rel=\"canonical\" href=\"https:\/\/www.vaniperen.com\/es\/transmision-en-vivo-conferencia-final-proyecto-life-plants-for-plants\/\" \/>\n<meta property=\"og:locale\" content=\"es_ES\" \/>\n<meta property=\"og:type\" content=\"article\" \/>\n<meta property=\"og:title\" content=\"Transmisi\u00f3n en vivo: Conferencia final Proyecto LIFE Plants for Plants\" \/>\n<meta property=\"og:description\" content=\"Aqui puede ver la transmisi\u00f3n en vivo de la Conferencia final: Proyecto LIFE Plants for Plants\u00ae organizada por Van Iperen International.\" \/>\n<meta property=\"og:url\" content=\"https:\/\/www.vaniperen.com\/es\/transmision-en-vivo-conferencia-final-proyecto-life-plants-for-plants\/\" \/>\n<meta property=\"og:site_name\" content=\"Van Iperen Espa\u00f1ol\" \/>\n<meta property=\"article:modified_time\" content=\"2023-06-14T14:35:22+00:00\" \/>\n<meta property=\"og:image\" content=\"https:\/\/www.vaniperen.com\/es\/wp-content\/uploads\/sites\/3\/2022\/06\/VII-Header-page-green-switch-journey-final-conference-P4P-3000x1400px-v2.png\" \/>\n\t<meta property=\"og:image:width\" content=\"12500\" \/>\n\t<meta property=\"og:image:height\" content=\"5833\" \/>\n\t<meta property=\"og:image:type\" content=\"image\/png\" \/>\n<meta name=\"twitter:card\" content=\"summary_large_image\" \/>\n<script type=\"application\/ld+json\" class=\"yoast-schema-graph\">{\"@context\":\"https:\\\/\\\/schema.org\",\"@graph\":[{\"@type\":\"WebPage\",\"@id\":\"https:\\\/\\\/www.vaniperen.com\\\/es\\\/transmision-en-vivo-conferencia-final-proyecto-life-plants-for-plants\\\/\",\"url\":\"https:\\\/\\\/www.vaniperen.com\\\/es\\\/transmision-en-vivo-conferencia-final-proyecto-life-plants-for-plants\\\/\",\"name\":\"Transmisi\u00f3n en vivo: Conferencia final Proyecto LIFE Plants for Plants - Van Iperen Espa\u00f1ol\",\"isPartOf\":{\"@id\":\"https:\\\/\\\/www.vaniperen.com\\\/es\\\/#website\"},\"primaryImageOfPage\":{\"@id\":\"https:\\\/\\\/www.vaniperen.com\\\/es\\\/transmision-en-vivo-conferencia-final-proyecto-life-plants-for-plants\\\/#primaryimage\"},\"image\":{\"@id\":\"https:\\\/\\\/www.vaniperen.com\\\/es\\\/transmision-en-vivo-conferencia-final-proyecto-life-plants-for-plants\\\/#primaryimage\"},\"thumbnailUrl\":\"https:\\\/\\\/www.vaniperen.com\\\/es\\\/wp-content\\\/uploads\\\/sites\\\/3\\\/2022\\\/06\\\/VII-Header-page-green-switch-journey-final-conference-P4P-3000x1400px-v2.png\",\"datePublished\":\"2022-06-01T08:34:48+00:00\",\"dateModified\":\"2023-06-14T14:35:22+00:00\",\"description\":\"Aqui puede ver la transmisi\u00f3n en vivo de la Conferencia final: Proyecto LIFE Plants for Plants\u00ae organizada por Van Iperen International.\",\"breadcrumb\":{\"@id\":\"https:\\\/\\\/www.vaniperen.com\\\/es\\\/transmision-en-vivo-conferencia-final-proyecto-life-plants-for-plants\\\/#breadcrumb\"},\"inLanguage\":\"es\",\"potentialAction\":[{\"@type\":\"ReadAction\",\"target\":[\"https:\\\/\\\/www.vaniperen.com\\\/es\\\/transmision-en-vivo-conferencia-final-proyecto-life-plants-for-plants\\\/\"]}]},{\"@type\":\"ImageObject\",\"inLanguage\":\"es\",\"@id\":\"https:\\\/\\\/www.vaniperen.com\\\/es\\\/transmision-en-vivo-conferencia-final-proyecto-life-plants-for-plants\\\/#primaryimage\",\"url\":\"https:\\\/\\\/www.vaniperen.com\\\/es\\\/wp-content\\\/uploads\\\/sites\\\/3\\\/2022\\\/06\\\/VII-Header-page-green-switch-journey-final-conference-P4P-3000x1400px-v2.png\",\"contentUrl\":\"https:\\\/\\\/www.vaniperen.com\\\/es\\\/wp-content\\\/uploads\\\/sites\\\/3\\\/2022\\\/06\\\/VII-Header-page-green-switch-journey-final-conference-P4P-3000x1400px-v2.png\",\"width\":12500,\"height\":5833},{\"@type\":\"BreadcrumbList\",\"@id\":\"https:\\\/\\\/www.vaniperen.com\\\/es\\\/transmision-en-vivo-conferencia-final-proyecto-life-plants-for-plants\\\/#breadcrumb\",\"itemListElement\":[{\"@type\":\"ListItem\",\"position\":1,\"name\":\"Home\",\"item\":\"https:\\\/\\\/www.vaniperen.com\\\/es\\\/\"},{\"@type\":\"ListItem\",\"position\":2,\"name\":\"Transmisi\u00f3n en vivo: Conferencia final Proyecto LIFE Plants for Plants\"}]},{\"@type\":\"WebSite\",\"@id\":\"https:\\\/\\\/www.vaniperen.com\\\/es\\\/#website\",\"url\":\"https:\\\/\\\/www.vaniperen.com\\\/es\\\/\",\"name\":\"Van Iperen Espa\u00f1ol\",\"description\":\"Just another WordPress site\",\"potentialAction\":[{\"@type\":\"SearchAction\",\"target\":{\"@type\":\"EntryPoint\",\"urlTemplate\":\"https:\\\/\\\/www.vaniperen.com\\\/es\\\/?s={search_term_string}\"},\"query-input\":{\"@type\":\"PropertyValueSpecification\",\"valueRequired\":true,\"valueName\":\"search_term_string\"}}],\"inLanguage\":\"es\"}]}<\/script>\n<!-- \/ Yoast SEO Premium plugin. -->","yoast_head_json":{"title":"Transmisi\u00f3n en vivo: Conferencia final Proyecto LIFE Plants for Plants - Van Iperen Espa\u00f1ol","description":"Aqui puede ver la transmisi\u00f3n en vivo de la Conferencia final: Proyecto LIFE Plants for Plants\u00ae organizada por Van Iperen International.","robots":{"index":"index","follow":"follow","max-snippet":"max-snippet:-1","max-image-preview":"max-image-preview:large","max-video-preview":"max-video-preview:-1"},"canonical":"https:\/\/www.vaniperen.com\/es\/transmision-en-vivo-conferencia-final-proyecto-life-plants-for-plants\/","og_locale":"es_ES","og_type":"article","og_title":"Transmisi\u00f3n en vivo: Conferencia final Proyecto LIFE Plants for Plants","og_description":"Aqui puede ver la transmisi\u00f3n en vivo de la Conferencia final: Proyecto LIFE Plants for Plants\u00ae organizada por Van Iperen International.","og_url":"https:\/\/www.vaniperen.com\/es\/transmision-en-vivo-conferencia-final-proyecto-life-plants-for-plants\/","og_site_name":"Van Iperen Espa\u00f1ol","article_modified_time":"2023-06-14T14:35:22+00:00","og_image":[{"width":12500,"height":5833,"url":"https:\/\/www.vaniperen.com\/es\/wp-content\/uploads\/sites\/3\/2022\/06\/VII-Header-page-green-switch-journey-final-conference-P4P-3000x1400px-v2.png","type":"image\/png"}],"twitter_card":"summary_large_image","schema":{"@context":"https:\/\/schema.org","@graph":[{"@type":"WebPage","@id":"https:\/\/www.vaniperen.com\/es\/transmision-en-vivo-conferencia-final-proyecto-life-plants-for-plants\/","url":"https:\/\/www.vaniperen.com\/es\/transmision-en-vivo-conferencia-final-proyecto-life-plants-for-plants\/","name":"Transmisi\u00f3n en vivo: Conferencia final Proyecto LIFE Plants for Plants - Van Iperen Espa\u00f1ol","isPartOf":{"@id":"https:\/\/www.vaniperen.com\/es\/#website"},"primaryImageOfPage":{"@id":"https:\/\/www.vaniperen.com\/es\/transmision-en-vivo-conferencia-final-proyecto-life-plants-for-plants\/#primaryimage"},"image":{"@id":"https:\/\/www.vaniperen.com\/es\/transmision-en-vivo-conferencia-final-proyecto-life-plants-for-plants\/#primaryimage"},"thumbnailUrl":"https:\/\/www.vaniperen.com\/es\/wp-content\/uploads\/sites\/3\/2022\/06\/VII-Header-page-green-switch-journey-final-conference-P4P-3000x1400px-v2.png","datePublished":"2022-06-01T08:34:48+00:00","dateModified":"2023-06-14T14:35:22+00:00","description":"Aqui puede ver la transmisi\u00f3n en vivo de la Conferencia final: Proyecto LIFE Plants for Plants\u00ae organizada por Van Iperen International.","breadcrumb":{"@id":"https:\/\/www.vaniperen.com\/es\/transmision-en-vivo-conferencia-final-proyecto-life-plants-for-plants\/#breadcrumb"},"inLanguage":"es","potentialAction":[{"@type":"ReadAction","target":["https:\/\/www.vaniperen.com\/es\/transmision-en-vivo-conferencia-final-proyecto-life-plants-for-plants\/"]}]},{"@type":"ImageObject","inLanguage":"es","@id":"https:\/\/www.vaniperen.com\/es\/transmision-en-vivo-conferencia-final-proyecto-life-plants-for-plants\/#primaryimage","url":"https:\/\/www.vaniperen.com\/es\/wp-content\/uploads\/sites\/3\/2022\/06\/VII-Header-page-green-switch-journey-final-conference-P4P-3000x1400px-v2.png","contentUrl":"https:\/\/www.vaniperen.com\/es\/wp-content\/uploads\/sites\/3\/2022\/06\/VII-Header-page-green-switch-journey-final-conference-P4P-3000x1400px-v2.png","width":12500,"height":5833},{"@type":"BreadcrumbList","@id":"https:\/\/www.vaniperen.com\/es\/transmision-en-vivo-conferencia-final-proyecto-life-plants-for-plants\/#breadcrumb","itemListElement":[{"@type":"ListItem","position":1,"name":"Home","item":"https:\/\/www.vaniperen.com\/es\/"},{"@type":"ListItem","position":2,"name":"Transmisi\u00f3n en vivo: Conferencia final Proyecto LIFE Plants for Plants"}]},{"@type":"WebSite","@id":"https:\/\/www.vaniperen.com\/es\/#website","url":"https:\/\/www.vaniperen.com\/es\/","name":"Van Iperen Espa\u00f1ol","description":"Just another WordPress site","potentialAction":[{"@type":"SearchAction","target":{"@type":"EntryPoint","urlTemplate":"https:\/\/www.vaniperen.com\/es\/?s={search_term_string}"},"query-input":{"@type":"PropertyValueSpecification","valueRequired":true,"valueName":"search_term_string"}}],"inLanguage":"es"}]}},"_links":{"self":[{"href":"https:\/\/www.vaniperen.com\/es\/wp-json\/wp\/v2\/pages\/7693","targetHints":{"allow":["GET"]}}],"collection":[{"href":"https:\/\/www.vaniperen.com\/es\/wp-json\/wp\/v2\/pages"}],"about":[{"href":"https:\/\/www.vaniperen.com\/es\/wp-json\/wp\/v2\/types\/page"}],"author":[{"embeddable":true,"href":"https:\/\/www.vaniperen.com\/es\/wp-json\/wp\/v2\/users\/16"}],"replies":[{"embeddable":true,"href":"https:\/\/www.vaniperen.com\/es\/wp-json\/wp\/v2\/comments?post=7693"}],"version-history":[{"count":2,"href":"https:\/\/www.vaniperen.com\/es\/wp-json\/wp\/v2\/pages\/7693\/revisions"}],"predecessor-version":[{"id":7716,"href":"https:\/\/www.vaniperen.com\/es\/wp-json\/wp\/v2\/pages\/7693\/revisions\/7716"}],"wp:featuredmedia":[{"embeddable":true,"href":"https:\/\/www.vaniperen.com\/es\/wp-json\/wp\/v2\/media\/7695"}],"wp:attachment":[{"href":"https:\/\/www.vaniperen.com\/es\/wp-json\/wp\/v2\/media?parent=7693"}],"curies":[{"name":"wp","href":"https:\/\/api.w.org\/{rel}","templated":true}]}}