{"id":7638,"date":"2022-04-07T16:33:42","date_gmt":"2022-04-07T14:33:42","guid":{"rendered":"https:\/\/www.vaniperen.com\/es\/?page_id=7638"},"modified":"2022-04-11T13:51:27","modified_gmt":"2022-04-11T11:51:27","slug":"safa-tarim-apoyando-el-desarrollo-agricola-en-turquia","status":"publish","type":"page","link":"https:\/\/www.vaniperen.com\/es\/safa-tarim-apoyando-el-desarrollo-agricola-en-turquia\/","title":{"rendered":"Apoyando el desarrollo agr\u00edcola en Turqu\u00eda"},"content":{"rendered":"","protected":false},"excerpt":{"rendered":"","protected":false},"author":16,"featured_media":0,"parent":0,"menu_order":0,"comment_status":"closed","ping_status":"closed","template":"","meta":{"_acf_changed":false,"_trash_the_other_posts":false,"_monsterinsights_skip_tracking":false,"_monsterinsights_sitenote_active":false,"_monsterinsights_sitenote_note":"","_monsterinsights_sitenote_category":0,"editor_notices":[]},"class_list":["post-7638","page","type-page","status-publish","hentry"],"acf":[],"yoast_head":"<!-- This site is optimized with the Yoast SEO Premium plugin v27.3 (Yoast SEO v27.3) - https:\/\/yoast.com\/product\/yoast-seo-premium-wordpress\/ -->\n<title>Apoyando el desarrollo agr\u00edcola en Turqu\u00eda - Van Iperen Espa\u00f1ol<\/title>\n<meta name=\"description\" content=\"Safa Tarim y Van Iperen apoyan el desarrollo agricola en Turquia para aumentar la satisfacci\u00f3n de los productores con soluciones de alta calidad.\" \/>\n<meta name=\"robots\" content=\"index, follow, max-snippet:-1, max-image-preview:large, max-video-preview:-1\" \/>\n<link rel=\"canonical\" href=\"https:\/\/www.vaniperen.com\/es\/safa-tarim-apoyando-el-desarrollo-agricola-en-turquia\/\" \/>\n<meta property=\"og:locale\" content=\"es_ES\" \/>\n<meta property=\"og:type\" content=\"article\" \/>\n<meta property=\"og:title\" content=\"Apoyando el desarrollo agr\u00edcola en Turqu\u00eda\" \/>\n<meta property=\"og:description\" content=\"Safa Tarim y Van Iperen apoyan el desarrollo agricola en Turquia para aumentar la satisfacci\u00f3n de los productores con soluciones de alta calidad.\" \/>\n<meta property=\"og:url\" content=\"https:\/\/www.vaniperen.com\/es\/safa-tarim-apoyando-el-desarrollo-agricola-en-turquia\/\" \/>\n<meta property=\"og:site_name\" content=\"Van Iperen Espa\u00f1ol\" \/>\n<meta property=\"article:modified_time\" content=\"2022-04-11T11:51:27+00:00\" \/>\n<meta name=\"twitter:card\" content=\"summary_large_image\" \/>\n<script type=\"application\/ld+json\" class=\"yoast-schema-graph\">{\"@context\":\"https:\\\/\\\/schema.org\",\"@graph\":[{\"@type\":\"WebPage\",\"@id\":\"https:\\\/\\\/www.vaniperen.com\\\/es\\\/safa-tarim-apoyando-el-desarrollo-agricola-en-turquia\\\/\",\"url\":\"https:\\\/\\\/www.vaniperen.com\\\/es\\\/safa-tarim-apoyando-el-desarrollo-agricola-en-turquia\\\/\",\"name\":\"Apoyando el desarrollo agr\u00edcola en Turqu\u00eda - Van Iperen Espa\u00f1ol\",\"isPartOf\":{\"@id\":\"https:\\\/\\\/www.vaniperen.com\\\/es\\\/#website\"},\"datePublished\":\"2022-04-07T14:33:42+00:00\",\"dateModified\":\"2022-04-11T11:51:27+00:00\",\"description\":\"Safa Tarim y Van Iperen apoyan el desarrollo agricola en Turquia para aumentar la satisfacci\u00f3n de los productores con soluciones de alta calidad.\",\"breadcrumb\":{\"@id\":\"https:\\\/\\\/www.vaniperen.com\\\/es\\\/safa-tarim-apoyando-el-desarrollo-agricola-en-turquia\\\/#breadcrumb\"},\"inLanguage\":\"es\",\"potentialAction\":[{\"@type\":\"ReadAction\",\"target\":[\"https:\\\/\\\/www.vaniperen.com\\\/es\\\/safa-tarim-apoyando-el-desarrollo-agricola-en-turquia\\\/\"]}]},{\"@type\":\"BreadcrumbList\",\"@id\":\"https:\\\/\\\/www.vaniperen.com\\\/es\\\/safa-tarim-apoyando-el-desarrollo-agricola-en-turquia\\\/#breadcrumb\",\"itemListElement\":[{\"@type\":\"ListItem\",\"position\":1,\"name\":\"Home\",\"item\":\"https:\\\/\\\/www.vaniperen.com\\\/es\\\/\"},{\"@type\":\"ListItem\",\"position\":2,\"name\":\"Apoyando el desarrollo agr\u00edcola en Turqu\u00eda\"}]},{\"@type\":\"WebSite\",\"@id\":\"https:\\\/\\\/www.vaniperen.com\\\/es\\\/#website\",\"url\":\"https:\\\/\\\/www.vaniperen.com\\\/es\\\/\",\"name\":\"Van Iperen Espa\u00f1ol\",\"description\":\"Just another WordPress site\",\"potentialAction\":[{\"@type\":\"SearchAction\",\"target\":{\"@type\":\"EntryPoint\",\"urlTemplate\":\"https:\\\/\\\/www.vaniperen.com\\\/es\\\/?s={search_term_string}\"},\"query-input\":{\"@type\":\"PropertyValueSpecification\",\"valueRequired\":true,\"valueName\":\"search_term_string\"}}],\"inLanguage\":\"es\"}]}<\/script>\n<!-- \/ Yoast SEO Premium plugin. -->","yoast_head_json":{"title":"Apoyando el desarrollo agr\u00edcola en Turqu\u00eda - Van Iperen Espa\u00f1ol","description":"Safa Tarim y Van Iperen apoyan el desarrollo agricola en Turquia para aumentar la satisfacci\u00f3n de los productores con soluciones de alta calidad.","robots":{"index":"index","follow":"follow","max-snippet":"max-snippet:-1","max-image-preview":"max-image-preview:large","max-video-preview":"max-video-preview:-1"},"canonical":"https:\/\/www.vaniperen.com\/es\/safa-tarim-apoyando-el-desarrollo-agricola-en-turquia\/","og_locale":"es_ES","og_type":"article","og_title":"Apoyando el desarrollo agr\u00edcola en Turqu\u00eda","og_description":"Safa Tarim y Van Iperen apoyan el desarrollo agricola en Turquia para aumentar la satisfacci\u00f3n de los productores con soluciones de alta calidad.","og_url":"https:\/\/www.vaniperen.com\/es\/safa-tarim-apoyando-el-desarrollo-agricola-en-turquia\/","og_site_name":"Van Iperen Espa\u00f1ol","article_modified_time":"2022-04-11T11:51:27+00:00","twitter_card":"summary_large_image","schema":{"@context":"https:\/\/schema.org","@graph":[{"@type":"WebPage","@id":"https:\/\/www.vaniperen.com\/es\/safa-tarim-apoyando-el-desarrollo-agricola-en-turquia\/","url":"https:\/\/www.vaniperen.com\/es\/safa-tarim-apoyando-el-desarrollo-agricola-en-turquia\/","name":"Apoyando el desarrollo agr\u00edcola en Turqu\u00eda - Van Iperen Espa\u00f1ol","isPartOf":{"@id":"https:\/\/www.vaniperen.com\/es\/#website"},"datePublished":"2022-04-07T14:33:42+00:00","dateModified":"2022-04-11T11:51:27+00:00","description":"Safa Tarim y Van Iperen apoyan el desarrollo agricola en Turquia para aumentar la satisfacci\u00f3n de los productores con soluciones de alta calidad.","breadcrumb":{"@id":"https:\/\/www.vaniperen.com\/es\/safa-tarim-apoyando-el-desarrollo-agricola-en-turquia\/#breadcrumb"},"inLanguage":"es","potentialAction":[{"@type":"ReadAction","target":["https:\/\/www.vaniperen.com\/es\/safa-tarim-apoyando-el-desarrollo-agricola-en-turquia\/"]}]},{"@type":"BreadcrumbList","@id":"https:\/\/www.vaniperen.com\/es\/safa-tarim-apoyando-el-desarrollo-agricola-en-turquia\/#breadcrumb","itemListElement":[{"@type":"ListItem","position":1,"name":"Home","item":"https:\/\/www.vaniperen.com\/es\/"},{"@type":"ListItem","position":2,"name":"Apoyando el desarrollo agr\u00edcola en Turqu\u00eda"}]},{"@type":"WebSite","@id":"https:\/\/www.vaniperen.com\/es\/#website","url":"https:\/\/www.vaniperen.com\/es\/","name":"Van Iperen Espa\u00f1ol","description":"Just another WordPress site","potentialAction":[{"@type":"SearchAction","target":{"@type":"EntryPoint","urlTemplate":"https:\/\/www.vaniperen.com\/es\/?s={search_term_string}"},"query-input":{"@type":"PropertyValueSpecification","valueRequired":true,"valueName":"search_term_string"}}],"inLanguage":"es"}]}},"_links":{"self":[{"href":"https:\/\/www.vaniperen.com\/es\/wp-json\/wp\/v2\/pages\/7638","targetHints":{"allow":["GET"]}}],"collection":[{"href":"https:\/\/www.vaniperen.com\/es\/wp-json\/wp\/v2\/pages"}],"about":[{"href":"https:\/\/www.vaniperen.com\/es\/wp-json\/wp\/v2\/types\/page"}],"author":[{"embeddable":true,"href":"https:\/\/www.vaniperen.com\/es\/wp-json\/wp\/v2\/users\/16"}],"replies":[{"embeddable":true,"href":"https:\/\/www.vaniperen.com\/es\/wp-json\/wp\/v2\/comments?post=7638"}],"version-history":[{"count":3,"href":"https:\/\/www.vaniperen.com\/es\/wp-json\/wp\/v2\/pages\/7638\/revisions"}],"predecessor-version":[{"id":7643,"href":"https:\/\/www.vaniperen.com\/es\/wp-json\/wp\/v2\/pages\/7638\/revisions\/7643"}],"wp:attachment":[{"href":"https:\/\/www.vaniperen.com\/es\/wp-json\/wp\/v2\/media?parent=7638"}],"curies":[{"name":"wp","href":"https:\/\/api.w.org\/{rel}","templated":true}]}}