{"id":6243,"date":"2021-02-08T10:37:07","date_gmt":"2021-02-08T09:37:07","guid":{"rendered":"https:\/\/www.vaniperen.com\/es\/?page_id=6243"},"modified":"2023-08-22T14:07:14","modified_gmt":"2023-08-22T12:07:14","slug":"hortivoire","status":"publish","type":"page","link":"https:\/\/www.vaniperen.com\/es\/hortivoire\/","title":{"rendered":"HortIvoire"},"content":{"rendered":"","protected":false},"excerpt":{"rendered":"","protected":false},"author":16,"featured_media":6251,"parent":0,"menu_order":0,"comment_status":"closed","ping_status":"closed","template":"","meta":{"_acf_changed":false,"_trash_the_other_posts":false,"_monsterinsights_skip_tracking":false,"_monsterinsights_sitenote_active":false,"_monsterinsights_sitenote_note":"","_monsterinsights_sitenote_category":0,"editor_notices":[]},"class_list":["post-6243","page","type-page","status-publish","has-post-thumbnail","hentry"],"acf":[],"yoast_head":"<!-- This site is optimized with the Yoast SEO Premium plugin v27.3 (Yoast SEO v27.3) - https:\/\/yoast.com\/product\/yoast-seo-premium-wordpress\/ -->\n<title>HortIvoire - Van Iperen Espa\u00f1ol<\/title>\n<meta name=\"description\" content=\"Van Iperen International apoya HortIvoire, un programa educativo de producci\u00f3n de hortalizas para j\u00f3venes agricultores y mujeres en Costa de Marfil\" \/>\n<meta name=\"robots\" content=\"index, follow, max-snippet:-1, max-image-preview:large, max-video-preview:-1\" \/>\n<link rel=\"canonical\" href=\"https:\/\/www.vaniperen.com\/es\/hortivoire\/\" \/>\n<meta property=\"og:locale\" content=\"es_ES\" \/>\n<meta property=\"og:type\" content=\"article\" \/>\n<meta property=\"og:title\" content=\"HortIvoire\" \/>\n<meta property=\"og:description\" content=\"Van Iperen International apoya HortIvoire, un programa educativo de producci\u00f3n de hortalizas para j\u00f3venes agricultores y mujeres en Costa de Marfil\" \/>\n<meta property=\"og:url\" content=\"https:\/\/www.vaniperen.com\/es\/hortivoire\/\" \/>\n<meta property=\"og:site_name\" content=\"Van Iperen Espa\u00f1ol\" \/>\n<meta property=\"article:modified_time\" content=\"2023-08-22T12:07:14+00:00\" \/>\n<meta property=\"og:image\" content=\"https:\/\/www.vaniperen.com\/es\/wp-content\/uploads\/sites\/3\/2021\/02\/HortIvoire-Trainees-working-in-greenhouses.jpg\" \/>\n\t<meta property=\"og:image:width\" content=\"1010\" \/>\n\t<meta property=\"og:image:height\" content=\"759\" \/>\n\t<meta property=\"og:image:type\" content=\"image\/jpeg\" \/>\n<meta name=\"twitter:card\" content=\"summary_large_image\" \/>\n<script type=\"application\/ld+json\" class=\"yoast-schema-graph\">{\"@context\":\"https:\\\/\\\/schema.org\",\"@graph\":[{\"@type\":\"WebPage\",\"@id\":\"https:\\\/\\\/www.vaniperen.com\\\/es\\\/hortivoire\\\/\",\"url\":\"https:\\\/\\\/www.vaniperen.com\\\/es\\\/hortivoire\\\/\",\"name\":\"HortIvoire - Van Iperen Espa\u00f1ol\",\"isPartOf\":{\"@id\":\"https:\\\/\\\/www.vaniperen.com\\\/es\\\/#website\"},\"primaryImageOfPage\":{\"@id\":\"https:\\\/\\\/www.vaniperen.com\\\/es\\\/hortivoire\\\/#primaryimage\"},\"image\":{\"@id\":\"https:\\\/\\\/www.vaniperen.com\\\/es\\\/hortivoire\\\/#primaryimage\"},\"thumbnailUrl\":\"https:\\\/\\\/www.vaniperen.com\\\/es\\\/wp-content\\\/uploads\\\/sites\\\/3\\\/2021\\\/02\\\/HortIvoire-Trainees-working-in-greenhouses.jpg\",\"datePublished\":\"2021-02-08T09:37:07+00:00\",\"dateModified\":\"2023-08-22T12:07:14+00:00\",\"description\":\"Van Iperen International apoya HortIvoire, un programa educativo de producci\u00f3n de hortalizas para j\u00f3venes agricultores y mujeres en Costa de Marfil\",\"breadcrumb\":{\"@id\":\"https:\\\/\\\/www.vaniperen.com\\\/es\\\/hortivoire\\\/#breadcrumb\"},\"inLanguage\":\"es\",\"potentialAction\":[{\"@type\":\"ReadAction\",\"target\":[\"https:\\\/\\\/www.vaniperen.com\\\/es\\\/hortivoire\\\/\"]}]},{\"@type\":\"ImageObject\",\"inLanguage\":\"es\",\"@id\":\"https:\\\/\\\/www.vaniperen.com\\\/es\\\/hortivoire\\\/#primaryimage\",\"url\":\"https:\\\/\\\/www.vaniperen.com\\\/es\\\/wp-content\\\/uploads\\\/sites\\\/3\\\/2021\\\/02\\\/HortIvoire-Trainees-working-in-greenhouses.jpg\",\"contentUrl\":\"https:\\\/\\\/www.vaniperen.com\\\/es\\\/wp-content\\\/uploads\\\/sites\\\/3\\\/2021\\\/02\\\/HortIvoire-Trainees-working-in-greenhouses.jpg\",\"width\":1010,\"height\":759},{\"@type\":\"BreadcrumbList\",\"@id\":\"https:\\\/\\\/www.vaniperen.com\\\/es\\\/hortivoire\\\/#breadcrumb\",\"itemListElement\":[{\"@type\":\"ListItem\",\"position\":1,\"name\":\"Home\",\"item\":\"https:\\\/\\\/www.vaniperen.com\\\/es\\\/\"},{\"@type\":\"ListItem\",\"position\":2,\"name\":\"HortIvoire\"}]},{\"@type\":\"WebSite\",\"@id\":\"https:\\\/\\\/www.vaniperen.com\\\/es\\\/#website\",\"url\":\"https:\\\/\\\/www.vaniperen.com\\\/es\\\/\",\"name\":\"Van Iperen Espa\u00f1ol\",\"description\":\"Just another WordPress site\",\"potentialAction\":[{\"@type\":\"SearchAction\",\"target\":{\"@type\":\"EntryPoint\",\"urlTemplate\":\"https:\\\/\\\/www.vaniperen.com\\\/es\\\/?s={search_term_string}\"},\"query-input\":{\"@type\":\"PropertyValueSpecification\",\"valueRequired\":true,\"valueName\":\"search_term_string\"}}],\"inLanguage\":\"es\"}]}<\/script>\n<!-- \/ Yoast SEO Premium plugin. -->","yoast_head_json":{"title":"HortIvoire - Van Iperen Espa\u00f1ol","description":"Van Iperen International apoya HortIvoire, un programa educativo de producci\u00f3n de hortalizas para j\u00f3venes agricultores y mujeres en Costa de Marfil","robots":{"index":"index","follow":"follow","max-snippet":"max-snippet:-1","max-image-preview":"max-image-preview:large","max-video-preview":"max-video-preview:-1"},"canonical":"https:\/\/www.vaniperen.com\/es\/hortivoire\/","og_locale":"es_ES","og_type":"article","og_title":"HortIvoire","og_description":"Van Iperen International apoya HortIvoire, un programa educativo de producci\u00f3n de hortalizas para j\u00f3venes agricultores y mujeres en Costa de Marfil","og_url":"https:\/\/www.vaniperen.com\/es\/hortivoire\/","og_site_name":"Van Iperen Espa\u00f1ol","article_modified_time":"2023-08-22T12:07:14+00:00","og_image":[{"width":1010,"height":759,"url":"https:\/\/www.vaniperen.com\/es\/wp-content\/uploads\/sites\/3\/2021\/02\/HortIvoire-Trainees-working-in-greenhouses.jpg","type":"image\/jpeg"}],"twitter_card":"summary_large_image","schema":{"@context":"https:\/\/schema.org","@graph":[{"@type":"WebPage","@id":"https:\/\/www.vaniperen.com\/es\/hortivoire\/","url":"https:\/\/www.vaniperen.com\/es\/hortivoire\/","name":"HortIvoire - Van Iperen Espa\u00f1ol","isPartOf":{"@id":"https:\/\/www.vaniperen.com\/es\/#website"},"primaryImageOfPage":{"@id":"https:\/\/www.vaniperen.com\/es\/hortivoire\/#primaryimage"},"image":{"@id":"https:\/\/www.vaniperen.com\/es\/hortivoire\/#primaryimage"},"thumbnailUrl":"https:\/\/www.vaniperen.com\/es\/wp-content\/uploads\/sites\/3\/2021\/02\/HortIvoire-Trainees-working-in-greenhouses.jpg","datePublished":"2021-02-08T09:37:07+00:00","dateModified":"2023-08-22T12:07:14+00:00","description":"Van Iperen International apoya HortIvoire, un programa educativo de producci\u00f3n de hortalizas para j\u00f3venes agricultores y mujeres en Costa de Marfil","breadcrumb":{"@id":"https:\/\/www.vaniperen.com\/es\/hortivoire\/#breadcrumb"},"inLanguage":"es","potentialAction":[{"@type":"ReadAction","target":["https:\/\/www.vaniperen.com\/es\/hortivoire\/"]}]},{"@type":"ImageObject","inLanguage":"es","@id":"https:\/\/www.vaniperen.com\/es\/hortivoire\/#primaryimage","url":"https:\/\/www.vaniperen.com\/es\/wp-content\/uploads\/sites\/3\/2021\/02\/HortIvoire-Trainees-working-in-greenhouses.jpg","contentUrl":"https:\/\/www.vaniperen.com\/es\/wp-content\/uploads\/sites\/3\/2021\/02\/HortIvoire-Trainees-working-in-greenhouses.jpg","width":1010,"height":759},{"@type":"BreadcrumbList","@id":"https:\/\/www.vaniperen.com\/es\/hortivoire\/#breadcrumb","itemListElement":[{"@type":"ListItem","position":1,"name":"Home","item":"https:\/\/www.vaniperen.com\/es\/"},{"@type":"ListItem","position":2,"name":"HortIvoire"}]},{"@type":"WebSite","@id":"https:\/\/www.vaniperen.com\/es\/#website","url":"https:\/\/www.vaniperen.com\/es\/","name":"Van Iperen Espa\u00f1ol","description":"Just another WordPress site","potentialAction":[{"@type":"SearchAction","target":{"@type":"EntryPoint","urlTemplate":"https:\/\/www.vaniperen.com\/es\/?s={search_term_string}"},"query-input":{"@type":"PropertyValueSpecification","valueRequired":true,"valueName":"search_term_string"}}],"inLanguage":"es"}]}},"_links":{"self":[{"href":"https:\/\/www.vaniperen.com\/es\/wp-json\/wp\/v2\/pages\/6243","targetHints":{"allow":["GET"]}}],"collection":[{"href":"https:\/\/www.vaniperen.com\/es\/wp-json\/wp\/v2\/pages"}],"about":[{"href":"https:\/\/www.vaniperen.com\/es\/wp-json\/wp\/v2\/types\/page"}],"author":[{"embeddable":true,"href":"https:\/\/www.vaniperen.com\/es\/wp-json\/wp\/v2\/users\/16"}],"replies":[{"embeddable":true,"href":"https:\/\/www.vaniperen.com\/es\/wp-json\/wp\/v2\/comments?post=6243"}],"version-history":[{"count":7,"href":"https:\/\/www.vaniperen.com\/es\/wp-json\/wp\/v2\/pages\/6243\/revisions"}],"predecessor-version":[{"id":6846,"href":"https:\/\/www.vaniperen.com\/es\/wp-json\/wp\/v2\/pages\/6243\/revisions\/6846"}],"wp:featuredmedia":[{"embeddable":true,"href":"https:\/\/www.vaniperen.com\/es\/wp-json\/wp\/v2\/media\/6251"}],"wp:attachment":[{"href":"https:\/\/www.vaniperen.com\/es\/wp-json\/wp\/v2\/media?parent=6243"}],"curies":[{"name":"wp","href":"https:\/\/api.w.org\/{rel}","templated":true}]}}