{"id":397,"date":"2017-11-24T15:09:23","date_gmt":"2017-11-24T15:09:23","guid":{"rendered":"https:\/\/www.vaniperen.com\/es\/?page_id=397"},"modified":"2024-03-20T16:12:27","modified_gmt":"2024-03-20T15:12:27","slug":"sobre-nosotros","status":"publish","type":"page","link":"https:\/\/www.vaniperen.com\/es\/sobre-nosotros\/","title":{"rendered":"Let&#8217;s make the green switch!"},"content":{"rendered":"","protected":false},"excerpt":{"rendered":"","protected":false},"author":2,"featured_media":6460,"parent":0,"menu_order":0,"comment_status":"closed","ping_status":"closed","template":"","meta":{"_acf_changed":false,"_trash_the_other_posts":false,"_monsterinsights_skip_tracking":false,"_monsterinsights_sitenote_active":false,"_monsterinsights_sitenote_note":"","_monsterinsights_sitenote_category":0,"editor_notices":[]},"class_list":["post-397","page","type-page","status-publish","has-post-thumbnail","hentry"],"acf":[],"yoast_head":"<!-- This site is optimized with the Yoast SEO Premium plugin v27.3 (Yoast SEO v27.3) - https:\/\/yoast.com\/product\/yoast-seo-premium-wordpress\/ -->\n<title>Let&#039;s make the green switch! - Van Iperen Espa\u00f1ol<\/title>\n<meta name=\"description\" content=\"Van Iperen International es un productor holand\u00e9s de fertilizantes especializados y bioestimulantes para agricultura m\u00e1s sostenible.\" \/>\n<meta name=\"robots\" content=\"index, follow, max-snippet:-1, max-image-preview:large, max-video-preview:-1\" \/>\n<link rel=\"canonical\" href=\"https:\/\/www.vaniperen.com\/es\/sobre-nosotros\/\" \/>\n<meta property=\"og:locale\" content=\"es_ES\" \/>\n<meta property=\"og:type\" content=\"article\" \/>\n<meta property=\"og:title\" content=\"Let&#039;s make the green switch!\" \/>\n<meta property=\"og:description\" content=\"Van Iperen International es un productor holand\u00e9s de fertilizantes especializados y bioestimulantes para agricultura m\u00e1s sostenible.\" \/>\n<meta property=\"og:url\" content=\"https:\/\/www.vaniperen.com\/es\/sobre-nosotros\/\" \/>\n<meta property=\"og:site_name\" content=\"Van Iperen Espa\u00f1ol\" \/>\n<meta property=\"article:modified_time\" content=\"2024-03-20T15:12:27+00:00\" \/>\n<meta property=\"og:image\" content=\"https:\/\/www.vaniperen.com\/es\/wp-content\/uploads\/sites\/3\/2021\/03\/About-Us-Van-Iperen-International-1920x1400-1-scaled.jpg\" \/>\n\t<meta property=\"og:image:width\" content=\"2560\" \/>\n\t<meta property=\"og:image:height\" content=\"1195\" \/>\n\t<meta property=\"og:image:type\" content=\"image\/jpeg\" \/>\n<meta name=\"twitter:card\" content=\"summary_large_image\" \/>\n<meta name=\"twitter:label1\" content=\"Tiempo de lectura\" \/>\n\t<meta name=\"twitter:data1\" content=\"1 minuto\" \/>\n<script type=\"application\/ld+json\" class=\"yoast-schema-graph\">{\"@context\":\"https:\\\/\\\/schema.org\",\"@graph\":[{\"@type\":\"WebPage\",\"@id\":\"https:\\\/\\\/www.vaniperen.com\\\/es\\\/sobre-nosotros\\\/\",\"url\":\"https:\\\/\\\/www.vaniperen.com\\\/es\\\/sobre-nosotros\\\/\",\"name\":\"Let's make the green switch! - Van Iperen Espa\u00f1ol\",\"isPartOf\":{\"@id\":\"https:\\\/\\\/www.vaniperen.com\\\/es\\\/#website\"},\"primaryImageOfPage\":{\"@id\":\"https:\\\/\\\/www.vaniperen.com\\\/es\\\/sobre-nosotros\\\/#primaryimage\"},\"image\":{\"@id\":\"https:\\\/\\\/www.vaniperen.com\\\/es\\\/sobre-nosotros\\\/#primaryimage\"},\"thumbnailUrl\":\"https:\\\/\\\/www.vaniperen.com\\\/es\\\/wp-content\\\/uploads\\\/sites\\\/3\\\/2021\\\/03\\\/About-Us-Van-Iperen-International-1920x1400-1-scaled.jpg\",\"datePublished\":\"2017-11-24T15:09:23+00:00\",\"dateModified\":\"2024-03-20T15:12:27+00:00\",\"description\":\"Van Iperen International es un productor holand\u00e9s de fertilizantes especializados y bioestimulantes para agricultura m\u00e1s sostenible.\",\"breadcrumb\":{\"@id\":\"https:\\\/\\\/www.vaniperen.com\\\/es\\\/sobre-nosotros\\\/#breadcrumb\"},\"inLanguage\":\"es\",\"potentialAction\":[{\"@type\":\"ReadAction\",\"target\":[\"https:\\\/\\\/www.vaniperen.com\\\/es\\\/sobre-nosotros\\\/\"]}]},{\"@type\":\"ImageObject\",\"inLanguage\":\"es\",\"@id\":\"https:\\\/\\\/www.vaniperen.com\\\/es\\\/sobre-nosotros\\\/#primaryimage\",\"url\":\"https:\\\/\\\/www.vaniperen.com\\\/es\\\/wp-content\\\/uploads\\\/sites\\\/3\\\/2021\\\/03\\\/About-Us-Van-Iperen-International-1920x1400-1-scaled.jpg\",\"contentUrl\":\"https:\\\/\\\/www.vaniperen.com\\\/es\\\/wp-content\\\/uploads\\\/sites\\\/3\\\/2021\\\/03\\\/About-Us-Van-Iperen-International-1920x1400-1-scaled.jpg\",\"width\":2560,\"height\":1195},{\"@type\":\"BreadcrumbList\",\"@id\":\"https:\\\/\\\/www.vaniperen.com\\\/es\\\/sobre-nosotros\\\/#breadcrumb\",\"itemListElement\":[{\"@type\":\"ListItem\",\"position\":1,\"name\":\"Home\",\"item\":\"https:\\\/\\\/www.vaniperen.com\\\/es\\\/\"},{\"@type\":\"ListItem\",\"position\":2,\"name\":\"Let&#8217;s make the green switch!\"}]},{\"@type\":\"WebSite\",\"@id\":\"https:\\\/\\\/www.vaniperen.com\\\/es\\\/#website\",\"url\":\"https:\\\/\\\/www.vaniperen.com\\\/es\\\/\",\"name\":\"Van Iperen Espa\u00f1ol\",\"description\":\"Just another WordPress site\",\"potentialAction\":[{\"@type\":\"SearchAction\",\"target\":{\"@type\":\"EntryPoint\",\"urlTemplate\":\"https:\\\/\\\/www.vaniperen.com\\\/es\\\/?s={search_term_string}\"},\"query-input\":{\"@type\":\"PropertyValueSpecification\",\"valueRequired\":true,\"valueName\":\"search_term_string\"}}],\"inLanguage\":\"es\"}]}<\/script>\n<!-- \/ Yoast SEO Premium plugin. -->","yoast_head_json":{"title":"Let's make the green switch! - Van Iperen Espa\u00f1ol","description":"Van Iperen International es un productor holand\u00e9s de fertilizantes especializados y bioestimulantes para agricultura m\u00e1s sostenible.","robots":{"index":"index","follow":"follow","max-snippet":"max-snippet:-1","max-image-preview":"max-image-preview:large","max-video-preview":"max-video-preview:-1"},"canonical":"https:\/\/www.vaniperen.com\/es\/sobre-nosotros\/","og_locale":"es_ES","og_type":"article","og_title":"Let's make the green switch!","og_description":"Van Iperen International es un productor holand\u00e9s de fertilizantes especializados y bioestimulantes para agricultura m\u00e1s sostenible.","og_url":"https:\/\/www.vaniperen.com\/es\/sobre-nosotros\/","og_site_name":"Van Iperen Espa\u00f1ol","article_modified_time":"2024-03-20T15:12:27+00:00","og_image":[{"width":2560,"height":1195,"url":"https:\/\/www.vaniperen.com\/es\/wp-content\/uploads\/sites\/3\/2021\/03\/About-Us-Van-Iperen-International-1920x1400-1-scaled.jpg","type":"image\/jpeg"}],"twitter_card":"summary_large_image","twitter_misc":{"Tiempo de lectura":"1 minuto"},"schema":{"@context":"https:\/\/schema.org","@graph":[{"@type":"WebPage","@id":"https:\/\/www.vaniperen.com\/es\/sobre-nosotros\/","url":"https:\/\/www.vaniperen.com\/es\/sobre-nosotros\/","name":"Let's make the green switch! - Van Iperen Espa\u00f1ol","isPartOf":{"@id":"https:\/\/www.vaniperen.com\/es\/#website"},"primaryImageOfPage":{"@id":"https:\/\/www.vaniperen.com\/es\/sobre-nosotros\/#primaryimage"},"image":{"@id":"https:\/\/www.vaniperen.com\/es\/sobre-nosotros\/#primaryimage"},"thumbnailUrl":"https:\/\/www.vaniperen.com\/es\/wp-content\/uploads\/sites\/3\/2021\/03\/About-Us-Van-Iperen-International-1920x1400-1-scaled.jpg","datePublished":"2017-11-24T15:09:23+00:00","dateModified":"2024-03-20T15:12:27+00:00","description":"Van Iperen International es un productor holand\u00e9s de fertilizantes especializados y bioestimulantes para agricultura m\u00e1s sostenible.","breadcrumb":{"@id":"https:\/\/www.vaniperen.com\/es\/sobre-nosotros\/#breadcrumb"},"inLanguage":"es","potentialAction":[{"@type":"ReadAction","target":["https:\/\/www.vaniperen.com\/es\/sobre-nosotros\/"]}]},{"@type":"ImageObject","inLanguage":"es","@id":"https:\/\/www.vaniperen.com\/es\/sobre-nosotros\/#primaryimage","url":"https:\/\/www.vaniperen.com\/es\/wp-content\/uploads\/sites\/3\/2021\/03\/About-Us-Van-Iperen-International-1920x1400-1-scaled.jpg","contentUrl":"https:\/\/www.vaniperen.com\/es\/wp-content\/uploads\/sites\/3\/2021\/03\/About-Us-Van-Iperen-International-1920x1400-1-scaled.jpg","width":2560,"height":1195},{"@type":"BreadcrumbList","@id":"https:\/\/www.vaniperen.com\/es\/sobre-nosotros\/#breadcrumb","itemListElement":[{"@type":"ListItem","position":1,"name":"Home","item":"https:\/\/www.vaniperen.com\/es\/"},{"@type":"ListItem","position":2,"name":"Let&#8217;s make the green switch!"}]},{"@type":"WebSite","@id":"https:\/\/www.vaniperen.com\/es\/#website","url":"https:\/\/www.vaniperen.com\/es\/","name":"Van Iperen Espa\u00f1ol","description":"Just another WordPress site","potentialAction":[{"@type":"SearchAction","target":{"@type":"EntryPoint","urlTemplate":"https:\/\/www.vaniperen.com\/es\/?s={search_term_string}"},"query-input":{"@type":"PropertyValueSpecification","valueRequired":true,"valueName":"search_term_string"}}],"inLanguage":"es"}]}},"_links":{"self":[{"href":"https:\/\/www.vaniperen.com\/es\/wp-json\/wp\/v2\/pages\/397","targetHints":{"allow":["GET"]}}],"collection":[{"href":"https:\/\/www.vaniperen.com\/es\/wp-json\/wp\/v2\/pages"}],"about":[{"href":"https:\/\/www.vaniperen.com\/es\/wp-json\/wp\/v2\/types\/page"}],"author":[{"embeddable":true,"href":"https:\/\/www.vaniperen.com\/es\/wp-json\/wp\/v2\/users\/2"}],"replies":[{"embeddable":true,"href":"https:\/\/www.vaniperen.com\/es\/wp-json\/wp\/v2\/comments?post=397"}],"version-history":[{"count":34,"href":"https:\/\/www.vaniperen.com\/es\/wp-json\/wp\/v2\/pages\/397\/revisions"}],"predecessor-version":[{"id":10669,"href":"https:\/\/www.vaniperen.com\/es\/wp-json\/wp\/v2\/pages\/397\/revisions\/10669"}],"wp:featuredmedia":[{"embeddable":true,"href":"https:\/\/www.vaniperen.com\/es\/wp-json\/wp\/v2\/media\/6460"}],"wp:attachment":[{"href":"https:\/\/www.vaniperen.com\/es\/wp-json\/wp\/v2\/media?parent=397"}],"curies":[{"name":"wp","href":"https:\/\/api.w.org\/{rel}","templated":true}]}}